 {"id":729,"date":"2020-08-01T05:59:46","date_gmt":"2020-08-01T05:59:46","guid":{"rendered":"https:\/\/www.feyalegria.org\/venezuela\/?page_id=729"},"modified":"2025-05-19T19:30:00","modified_gmt":"2025-05-19T19:30:00","slug":"centros-educativos-zona-miranda","status":"publish","type":"page","link":"https:\/\/www.feyalegria.org\/venezuela\/centros-educativos-zona-miranda\/","title":{"rendered":"Centros educativos Zona Miranda"},"content":{"rendered":"<div class=\"wpb-content-wrapper\"><p>[vc_row][vc_column width=\u00bb2\/3&#8243;]<div style=\"background-color:;height: 50px\" class=\"nicdark_section  \"><\/div>[\/vc_column][vc_column width=\u00bb1\/3&#8243; css=\u00bb.vc_custom_1596260583144{margin-top: -35px !important;padding-left: 40px !important;}\u00bb]<a href=\"https:\/\/www.feyalegria.org\/venezuela\/directorio-fe-y-alegria-escuela\/\" title=\"Directorio\"  data-id=\"mpc_button-4369e155207d36c\" class=\"mpc-button mpc-init mpc-transition mpc-typography--default \" ><div class=\"mpc-button__content mpc-effect-type--none mpc-effect-side--none\"><span class=\"mpc-button__title mpc-transition\">Volver al Directorio<\/span><\/div><div class=\"mpc-button__background mpc-transition mpc-effect-type--fade mpc-effect-side--in\"><\/div><\/a>[\/vc_column][\/vc_row][vc_row][vc_column][vc_row_inner][vc_column_inner width=\u00bb1\/3&#8243; css=\u00bb.vc_custom_1596259587901{padding-top: 40px !important;padding-left: 40px !important;}\u00bb][vc_column_text css=\u00bb.vc_custom_1709592178093{margin-top: -30px !important;}\u00bb]<\/p>\n<p><strong><br \/>\nCiudad de los Muchachos<\/strong><\/p>\n<p>Hacienda El Carmen,<br \/>\nGuarenas, estado Miranda.<br \/>\n(0212) 614 5232<\/p>\n<p><a href=\"mailto:ciudadmuchachos@gmail.com\">ciudadmuchachos@gmail.com<\/a>[\/vc_column_text][vc_separator color=\u00bbmulled_wine\u00bb align=\u00bbalign_left\u00bb style=\u00bbshadow\u00bb el_width=\u00bb50&#8243;][vc_column_text css=\u00bb.vc_custom_1709592424659{margin-top: -30px !important;}\u00bb]<\/p>\n<p>&nbsp;<\/p>\n<p><strong>Luis Vicente Donche<\/strong><\/p>\n<p>Calle Mano de Dios, Barrio Sim\u00f3n Bol\u00edvar,<br \/>\nParroquia Santa B\u00e1rbara,<br \/>\nOcumare del Tuy, estado Miranda.<br \/>\n(0412) 070 9757<\/p>\n<p><a href=\"mailto:lvdonche.mir@feyalegria.edu.ve\">lvdonche.mir@feyalegria.edu.ve<\/a>[\/vc_column_text][vc_separator color=\u00bbmulled_wine\u00bb align=\u00bbalign_left\u00bb style=\u00bbshadow\u00bb el_width=\u00bb50&#8243;][vc_column_text css=\u00bb.vc_custom_1709592966243{margin-top: -30px !important;}\u00bb]<\/p>\n<p>&nbsp;<\/p>\n<p><strong>Roca Viva<\/strong><br \/>\nBarrio Isa\u00edas Medina Angarita,<br \/>\nCalle Principal, Petare, estado Miranda.<br \/>\n(0212) 258 1771<\/p>\n<p><a href=\"mailto:rviva.mir@feyalegria.edu.ve\">rviva.mir@feyalegria.edu.ve<\/a>[\/vc_column_text][vc_separator color=\u00bbmulled_wine\u00bb align=\u00bbalign_left\u00bb style=\u00bbshadow\u00bb el_width=\u00bb50&#8243;][vc_column_text css=\u00bb.vc_custom_1709592924155{margin-top: -30px !important;}\u00bb]<\/p>\n<p>&nbsp;<\/p>\n<p><strong>Presidente Kennedy<\/strong><\/p>\n<p>Km. 3, Carretera Petare &#8211; Guarenas,<br \/>\nCalle La Fe, Barrio Bol\u00edvar,<br \/>\nGuarenas, estado Miranda.<br \/>\n(0212) 291 2880<\/p>\n<p><a href=\"mailto:pkennedy.mir@feyalegria.edu.ve\">pkennedy.mir@feyalegria.edu.ve<\/a>[\/vc_column_text][\/vc_column_inner][vc_column_inner width=\u00bb1\/3&#8243; css=\u00bb.vc_custom_1596259609387{padding-top: 40px !important;padding-left: 40px !important;}\u00bb][vc_column_text css=\u00bb.vc_custom_1709592255760{margin-top: -30px !important;}\u00bb]<\/p>\n<p>&nbsp;<\/p>\n<p><strong>Jes\u00fas Maestro<\/strong><\/p>\n<p>Barrio Jos\u00e9 F\u00e9lix Rivas,<br \/>\nZona 10, Petare, estado Miranda.<br \/>\n(0212) 251 5912<\/p>\n<p><a href=\"mailto:jmaestro.mir@feyalegria.edu.ve\">jmaestro.mir@feyalegria.edu.ve<\/a>[\/vc_column_text][vc_separator color=\u00bbmulled_wine\u00bb align=\u00bbalign_left\u00bb style=\u00bbshadow\u00bb el_width=\u00bb50&#8243;][vc_column_text css=\u00bb.vc_custom_1709592496235{margin-top: -30px !important;}\u00bb]<\/p>\n<p>&nbsp;<\/p>\n<p><strong>Mar\u00eda Inmaculada<\/strong><\/p>\n<p>Calle P. Jes\u00fas Misas,<br \/>\nManzana N\u00b0 55-02, Barrio Uni\u00f3n,<br \/>\nPetare, estado Miranda.<br \/>\n(0212) 258 4117<\/p>\n<p><a href=\"mailto:minmaculada.mir@feyalegria.edu.ve\">minmaculada.mir@feyalegria.edu.ve<\/a>[\/vc_column_text][vc_separator color=\u00bbmulled_wine\u00bb align=\u00bbalign_left\u00bb style=\u00bbshadow\u00bb el_width=\u00bb50&#8243;][vc_column_text css=\u00bb.vc_custom_1709592708409{margin-top: -30px !important;}\u00bb]<\/p>\n<p>&nbsp;<\/p>\n<p><strong>Nuestra Se\u00f1ora de Coromoto<\/strong><\/p>\n<p>Guaremal, Sector Santa Mar\u00eda,<br \/>\nLos Teques, Estado Miranda<br \/>\n(0212) 619 5176<\/p>\n<p><a href=\"mailto:nscoromoto.mir@feyalegria.edu.ve\">nscoromoto.mir@feyalegria.edu.ve<\/a><\/p>\n<p>[\/vc_column_text][vc_separator color=\u00bbmulled_wine\u00bb align=\u00bbalign_left\u00bb style=\u00bbshadow\u00bb el_width=\u00bb50&#8243;][vc_column_text css=\u00bb.vc_custom_1709592881794{margin-top: -30px !important;}\u00bb]<\/p>\n<p>&nbsp;<\/p>\n<p><strong>Pampero<\/strong><\/p>\n<p>Urb. Pampero, Sector Aponte,<br \/>\nOcumare del Tuy, estado Miranda.<br \/>\n(0239) 225 0846 | 224 0066<\/p>\n<p><a href=\"mailto:pampero.mir@feyalegria.edu.ve\">pampero.mir@feyalegria.edu.ve<\/a>[\/vc_column_text][\/vc_column_inner][vc_column_inner width=\u00bb1\/3&#8243; css=\u00bb.vc_custom_1596259621316{padding-top: 40px !important;padding-left: 40px !important;}\u00bb][vc_column_text css=\u00bb.vc_custom_1709592822122{margin-top: -30px !important;}\u00bb]<\/p>\n<p>&nbsp;<\/p>\n<p><strong>Padre Manuel Aguirre<\/strong><\/p>\n<p>Barrio 24 de Marzo, Sector La Bombilla,<br \/>\nPetare, estado Miranda.<br \/>\n(0212) 244 4780<\/p>\n<p><a href=\"mailto:pmaguirre.mir@feyalegria.edu.ve\">pmaguirre.mir@feyalegria.edu.ve<\/a>[\/vc_column_text][vc_separator color=\u00bbmulled_wine\u00bb align=\u00bbalign_left\u00bb style=\u00bbshadow\u00bb el_width=\u00bb50&#8243;][vc_column_text css=\u00bb.vc_custom_1709592568696{margin-top: -30px !important;}\u00bb]<\/p>\n<p>&nbsp;<\/p>\n<p><strong>Monse\u00f1or Juan Jos\u00e9 Bernal<\/strong><\/p>\n<p>Carretera Charallave &#8211; C\u00faa,<br \/>\nSan Casimiro, Sector Aparay,<br \/>\nC\u00faa, estado Miranda.<br \/>\n(0239) 212 0069<\/p>\n<p><a href=\"mailto:mjbernal.mir@feyalegria.educ.ve\">mjbernal.mir@feyalegria.educ.ve<\/a>[\/vc_column_text][vc_separator color=\u00bbmulled_wine\u00bb align=\u00bbalign_left\u00bb style=\u00bbshadow\u00bb el_width=\u00bb50&#8243;][vc_column_text css=\u00bb.vc_custom_1709592781722{margin-top: -30px !important;}\u00bb]<\/p>\n<p>&nbsp;<\/p>\n<p><strong>Padre Joaqu\u00edn L\u00f3pez<\/strong><\/p>\n<p>Km. 15, Carretera Petare-Guarenas,<br \/>\nUrb. Araguaney, Petare, estado Miranda.<br \/>\n(0212) 245 3907<\/p>\n<p><a href=\"mailto:pjlopez.mir@feyalegria.edu.ve\">pjlopez.mir@feyalegria.edu.ve<\/a><\/p>\n<p>[\/vc_column_text][vc_separator color=\u00bbmulled_wine\u00bb align=\u00bbalign_left\u00bb style=\u00bbshadow\u00bb el_width=\u00bb50&#8243;][\/vc_column_inner][\/vc_row_inner][\/vc_column][\/vc_row][vc_row][vc_column]<div style=\"background-color:;height: 100px\" class=\"nicdark_section  \"><\/div>[\/vc_column][\/vc_row]<\/p>\n<\/div>","protected":false},"excerpt":{"rendered":"<p>[vc_row][vc_column width=\u00bb2\/3&#8243;][\/vc_column][vc_column width=\u00bb1\/3&#8243; css=\u00bb.vc_custom_1596260583144{margin-top: -35px !important;padding-left: 40px !important;}\u00bb][\/vc_column][\/vc_row][vc_row][vc_column][vc_row_inner][vc_column_inner width=\u00bb1\/3&#8243; css=\u00bb.vc_custom_1596259587901{padding-top: 40px !important;padding-left: 40px !important;}\u00bb][vc_column_text css=\u00bb.vc_custom_1709592178093{margin-top: -30px !important;}\u00bb] Ciudad de los Muchachos Hacienda El Carmen, Guarenas, estado Miranda. (0212) 614 5232 ciudadmuchachos@gmail.com[\/vc_column_text][vc_separator color=\u00bbmulled_wine\u00bb align=\u00bbalign_left\u00bb style=\u00bbshadow\u00bb el_width=\u00bb50&#8243;][vc_column_text css=\u00bb.vc_custom_1709592424659{margin-top: -30px !important;}\u00bb] &nbsp; Luis Vicente Donche Calle Mano de Dios, Barrio Sim\u00f3n Bol\u00edvar, Parroquia Santa B\u00e1rbara, Ocumare del Tuy,<\/p>\n","protected":false},"author":90,"featured_media":0,"parent":0,"menu_order":0,"comment_status":"closed","ping_status":"closed","template":"","meta":{"_acf_changed":false,"footnotes":""},"folder":[],"class_list":["post-729","page","type-page","status-publish","hentry"],"acf":[],"yoast_head":"<!-- This site is optimized with the Yoast SEO plugin v27.2 - https:\/\/yoast.com\/product\/yoast-seo-wordpress\/ -->\n<title>Centros educativos Zona Miranda - Fe y Alegr\u00eda en Venezuela<\/title>\n<meta name=\"robots\" content=\"index, follow, max-snippet:-1, max-image-preview:large, max-video-preview:-1\" \/>\n<link rel=\"canonical\" href=\"https:\/\/www.feyalegria.org\/venezuela\/centros-educativos-zona-miranda\/\" \/>\n<meta property=\"og:locale\" content=\"es_ES\" \/>\n<meta property=\"og:type\" content=\"article\" \/>\n<meta property=\"og:title\" content=\"Centros educativos Zona Miranda - Fe y Alegr\u00eda en Venezuela\" \/>\n<meta property=\"og:description\" content=\"[vc_row][vc_column width=\u00bb2\/3&#8243;][\/vc_column][vc_column width=\u00bb1\/3&#8243; css=\u00bb.vc_custom_1596260583144{margin-top: -35px !important;padding-left: 40px !important;}\u00bb][\/vc_column][\/vc_row][vc_row][vc_column][vc_row_inner][vc_column_inner width=\u00bb1\/3&#8243; css=\u00bb.vc_custom_1596259587901{padding-top: 40px !important;padding-left: 40px !important;}\u00bb][vc_column_text css=\u00bb.vc_custom_1709592178093{margin-top: -30px !important;}\u00bb] Ciudad de los Muchachos Hacienda El Carmen, Guarenas, estado Miranda. (0212) 614 5232 ciudadmuchachos@gmail.com[\/vc_column_text][vc_separator color=\u00bbmulled_wine\u00bb align=\u00bbalign_left\u00bb style=\u00bbshadow\u00bb el_width=\u00bb50&#8243;][vc_column_text css=\u00bb.vc_custom_1709592424659{margin-top: -30px !important;}\u00bb] &nbsp; Luis Vicente Donche Calle Mano de Dios, Barrio Sim\u00f3n Bol\u00edvar, Parroquia Santa B\u00e1rbara, Ocumare del Tuy,\" \/>\n<meta property=\"og:url\" content=\"https:\/\/www.feyalegria.org\/venezuela\/centros-educativos-zona-miranda\/\" \/>\n<meta property=\"og:site_name\" content=\"Fe y Alegr\u00eda en Venezuela\" \/>\n<meta property=\"article:modified_time\" content=\"2025-05-19T19:30:00+00:00\" \/>\n<meta name=\"twitter:card\" content=\"summary_large_image\" \/>\n<meta name=\"twitter:label1\" content=\"Tiempo de lectura\" \/>\n\t<meta name=\"twitter:data1\" content=\"2 minutos\" \/>\n<script type=\"application\/ld+json\" class=\"yoast-schema-graph\">{\"@context\":\"https:\/\/schema.org\",\"@graph\":[{\"@type\":\"WebPage\",\"@id\":\"https:\/\/www.feyalegria.org\/venezuela\/centros-educativos-zona-miranda\/\",\"url\":\"https:\/\/www.feyalegria.org\/venezuela\/centros-educativos-zona-miranda\/\",\"name\":\"Centros educativos Zona Miranda - Fe y Alegr\u00eda en Venezuela\",\"isPartOf\":{\"@id\":\"https:\/\/www.feyalegria.org\/venezuela\/#website\"},\"datePublished\":\"2020-08-01T05:59:46+00:00\",\"dateModified\":\"2025-05-19T19:30:00+00:00\",\"inLanguage\":\"es\",\"potentialAction\":[{\"@type\":\"ReadAction\",\"target\":[\"https:\/\/www.feyalegria.org\/venezuela\/centros-educativos-zona-miranda\/\"]}]},{\"@type\":\"WebSite\",\"@id\":\"https:\/\/www.feyalegria.org\/venezuela\/#website\",\"url\":\"https:\/\/www.feyalegria.org\/venezuela\/\",\"name\":\"Fe y Alegr\u00eda en Venezuela\",\"description\":\"\",\"potentialAction\":[{\"@type\":\"SearchAction\",\"target\":{\"@type\":\"EntryPoint\",\"urlTemplate\":\"https:\/\/www.feyalegria.org\/venezuela\/?s={search_term_string}\"},\"query-input\":{\"@type\":\"PropertyValueSpecification\",\"valueRequired\":true,\"valueName\":\"search_term_string\"}}],\"inLanguage\":\"es\"}]}<\/script>\n<!-- \/ Yoast SEO plugin. -->","yoast_head_json":{"title":"Centros educativos Zona Miranda - Fe y Alegr\u00eda en Venezuela","robots":{"index":"index","follow":"follow","max-snippet":"max-snippet:-1","max-image-preview":"max-image-preview:large","max-video-preview":"max-video-preview:-1"},"canonical":"https:\/\/www.feyalegria.org\/venezuela\/centros-educativos-zona-miranda\/","og_locale":"es_ES","og_type":"article","og_title":"Centros educativos Zona Miranda - Fe y Alegr\u00eda en Venezuela","og_description":"[vc_row][vc_column width=\u00bb2\/3&#8243;][\/vc_column][vc_column width=\u00bb1\/3&#8243; css=\u00bb.vc_custom_1596260583144{margin-top: -35px !important;padding-left: 40px !important;}\u00bb][\/vc_column][\/vc_row][vc_row][vc_column][vc_row_inner][vc_column_inner width=\u00bb1\/3&#8243; css=\u00bb.vc_custom_1596259587901{padding-top: 40px !important;padding-left: 40px !important;}\u00bb][vc_column_text css=\u00bb.vc_custom_1709592178093{margin-top: -30px !important;}\u00bb] Ciudad de los Muchachos Hacienda El Carmen, Guarenas, estado Miranda. (0212) 614 5232 ciudadmuchachos@gmail.com[\/vc_column_text][vc_separator color=\u00bbmulled_wine\u00bb align=\u00bbalign_left\u00bb style=\u00bbshadow\u00bb el_width=\u00bb50&#8243;][vc_column_text css=\u00bb.vc_custom_1709592424659{margin-top: -30px !important;}\u00bb] &nbsp; Luis Vicente Donche Calle Mano de Dios, Barrio Sim\u00f3n Bol\u00edvar, Parroquia Santa B\u00e1rbara, Ocumare del Tuy,","og_url":"https:\/\/www.feyalegria.org\/venezuela\/centros-educativos-zona-miranda\/","og_site_name":"Fe y Alegr\u00eda en Venezuela","article_modified_time":"2025-05-19T19:30:00+00:00","twitter_card":"summary_large_image","twitter_misc":{"Tiempo de lectura":"2 minutos"},"schema":{"@context":"https:\/\/schema.org","@graph":[{"@type":"WebPage","@id":"https:\/\/www.feyalegria.org\/venezuela\/centros-educativos-zona-miranda\/","url":"https:\/\/www.feyalegria.org\/venezuela\/centros-educativos-zona-miranda\/","name":"Centros educativos Zona Miranda - Fe y Alegr\u00eda en Venezuela","isPartOf":{"@id":"https:\/\/www.feyalegria.org\/venezuela\/#website"},"datePublished":"2020-08-01T05:59:46+00:00","dateModified":"2025-05-19T19:30:00+00:00","inLanguage":"es","potentialAction":[{"@type":"ReadAction","target":["https:\/\/www.feyalegria.org\/venezuela\/centros-educativos-zona-miranda\/"]}]},{"@type":"WebSite","@id":"https:\/\/www.feyalegria.org\/venezuela\/#website","url":"https:\/\/www.feyalegria.org\/venezuela\/","name":"Fe y Alegr\u00eda en Venezuela","description":"","potentialAction":[{"@type":"SearchAction","target":{"@type":"EntryPoint","urlTemplate":"https:\/\/www.feyalegria.org\/venezuela\/?s={search_term_string}"},"query-input":{"@type":"PropertyValueSpecification","valueRequired":true,"valueName":"search_term_string"}}],"inLanguage":"es"}]}},"_links":{"self":[{"href":"https:\/\/www.feyalegria.org\/venezuela\/wp-json\/wp\/v2\/pages\/729","targetHints":{"allow":["GET"]}}],"collection":[{"href":"https:\/\/www.feyalegria.org\/venezuela\/wp-json\/wp\/v2\/pages"}],"about":[{"href":"https:\/\/www.feyalegria.org\/venezuela\/wp-json\/wp\/v2\/types\/page"}],"author":[{"embeddable":true,"href":"https:\/\/www.feyalegria.org\/venezuela\/wp-json\/wp\/v2\/users\/90"}],"replies":[{"embeddable":true,"href":"https:\/\/www.feyalegria.org\/venezuela\/wp-json\/wp\/v2\/comments?post=729"}],"version-history":[{"count":0,"href":"https:\/\/www.feyalegria.org\/venezuela\/wp-json\/wp\/v2\/pages\/729\/revisions"}],"wp:attachment":[{"href":"https:\/\/www.feyalegria.org\/venezuela\/wp-json\/wp\/v2\/media?parent=729"}],"wp:term":[{"taxonomy":"folder","embeddable":true,"href":"https:\/\/www.feyalegria.org\/venezuela\/wp-json\/wp\/v2\/folder?post=729"}],"curies":[{"name":"wp","href":"https:\/\/api.w.org\/{rel}","templated":true}]}}