{"id":731,"date":"2020-08-01T06:00:36","date_gmt":"2020-08-01T06:00:36","guid":{"rendered":"https:\/\/www.feyalegria.org\/venezuela\/?page_id=731"},"modified":"2025-05-19T19:30:03","modified_gmt":"2025-05-19T19:30:03","slug":"centros-educativos-zona-oriente","status":"publish","type":"page","link":"https:\/\/www.feyalegria.org\/venezuela\/centros-educativos-zona-oriente\/","title":{"rendered":"Centros educativos Zona Oriente"},"content":{"rendered":"<div class=\"wpb-content-wrapper\"><p>[vc_row][vc_column width=\u00bb2\/3&#8243;]<div style=\"background-color:;height: 50px\" class=\"nicdark_section  \"><\/div>[\/vc_column][vc_column width=\u00bb1\/3&#8243; css=\u00bb.vc_custom_1596260583144{margin-top: -35px !important;padding-left: 40px !important;}\u00bb]<a href=\"https:\/\/www.feyalegria.org\/venezuela\/directorio-fe-y-alegria-escuela\/\" title=\"Directorio\"  data-id=\"mpc_button-5569f5eec2e92ac\" class=\"mpc-button mpc-init mpc-transition mpc-typography--default \" ><div class=\"mpc-button__content mpc-effect-type--none mpc-effect-side--none\"><span class=\"mpc-button__title mpc-transition\">Volver al Directorio<\/span><\/div><div class=\"mpc-button__background mpc-transition mpc-effect-type--fade mpc-effect-side--in\"><\/div><\/a>[\/vc_column][\/vc_row][vc_row][vc_column][vc_row_inner][vc_column_inner width=\u00bb1\/3&#8243; css=\u00bb.vc_custom_1596259587901{padding-top: 40px !important;padding-left: 40px !important;}\u00bb][vc_column_text css=\u00bb.vc_custom_1709593177810{margin-top: -30px !important;}\u00bb]<\/p>\n<p>&nbsp;<\/p>\n<p><strong>Aguasay<\/strong><\/p>\n<p>Calle Andr\u00e9s Bello, Sector Fe y Alegr\u00eda,<br \/>\nAguasay, estado Monagas.<br \/>\n(0292) 744 4504<\/p>\n<p><a href=\"mailto:aguasay.ori@feyalegria.edu.ve\">aguasay.ori@feyalegria.edu.ve<\/a><\/p>\n<p>[\/vc_column_text][vc_separator color=\u00bbmulled_wine\u00bb align=\u00bbalign_left\u00bb style=\u00bbshadow\u00bb el_width=\u00bb50&#8243;][vc_column_text css=\u00bb.vc_custom_1709593337621{margin-top: -30px !important;}\u00bb]<\/p>\n<p>&nbsp;<\/p>\n<p><strong>Campo Mata<\/strong><\/p>\n<p>Calle Principal, Campo PDVSA,<br \/>\nParroquia Cantaura,<br \/>\nCampo Mata, estado Anzo\u00e1tegui.<br \/>\n(0426) 482 0294<\/p>\n<p><a href=\"mailto:cmata.ori@feyalegria.edu.ve\">cmata.ori@feyalegria.edu.ve<\/a>[\/vc_column_text][vc_separator color=\u00bbmulled_wine\u00bb align=\u00bbalign_left\u00bb style=\u00bbshadow\u00bb el_width=\u00bb50&#8243;][vc_column_text css=\u00bb.vc_custom_1709593484435{margin-top: -30px !important;}\u00bb]<\/p>\n<p>&nbsp;<\/p>\n<p><strong>Madeleilys Guzm\u00e1n<\/strong><br \/>\nUrb. Carinicuao, Sector La Reforma,<br \/>\nCalle Carabobo,<br \/>\nCariaco, estado Sucre.<br \/>\n(0294) 555 1154<\/p>\n<p>mguzman.ori@feyalegr\u00eda.edu.ve[\/vc_column_text][vc_separator color=\u00bbmulled_wine\u00bb align=\u00bbalign_left\u00bb style=\u00bbshadow\u00bb el_width=\u00bb50&#8243;][vc_column_text css=\u00bb.vc_custom_1709593663990{margin-top: -30px !important;}\u00bb]<\/p>\n<p>&nbsp;<\/p>\n<p><strong>Nueva Clarines<\/strong><br \/>\nCalle 2, Transversal B,<br \/>\nSector El Para\u00edso, Clarines,<br \/>\nestado Anzo\u00e1tegui.<\/p>\n<p><a href=\"mailto:nclarines.ori@feyalegria.edu.ve\">nclarines.ori@feyalegria.edu.ve<\/a>[\/vc_column_text][vc_separator color=\u00bbmulled_wine\u00bb align=\u00bbalign_left\u00bb style=\u00bbshadow\u00bb el_width=\u00bb50&#8243;][vc_column_text css=\u00bb.vc_custom_1709593878991{margin-top: -30px !important;}\u00bb]<\/p>\n<p>&nbsp;<\/p>\n<p><strong>Padre Salinero<\/strong><\/p>\n<p>Km 4, V\u00eda El Rinc\u00f3n,<br \/>\nCaser\u00edo Vido\u00f1o,<br \/>\nPuerto La Cruz, estado Anzo\u00e1tegui.<br \/>\n(0281) 267 6252<\/p>\n<p><a href=\"mailto:psalinero.ori@feyalegria.edu.ve\">psalinero.ori@feyalegria.edu.ve<\/a>[\/vc_column_text][vc_separator color=\u00bbmulled_wine\u00bb align=\u00bbalign_left\u00bb style=\u00bbshadow\u00bb el_width=\u00bb50&#8243;][vc_column_text css=\u00bb.vc_custom_1709594040458{margin-top: -30px !important;}\u00bb]<\/p>\n<p>&nbsp;<\/p>\n<p><strong>San Luis<\/strong><\/p>\n<p>Av. Universidad de Oriente,<br \/>\nentrada Urb. Fe y Alegr\u00eda,<br \/>\nCuman\u00e1, estado Sucre.<br \/>\n(0424) 839 3086<\/p>\n<p><a href=\"mailto:sanluis.ori@feyalegria.edu.ve\">sanluis.ori@feyalegria.edu.ve<\/a>[\/vc_column_text][vc_separator color=\u00bbmulled_wine\u00bb align=\u00bbalign_left\u00bb style=\u00bbshadow\u00bb el_width=\u00bb50&#8243;][vc_column_text css=\u00bb.vc_custom_1709594315789{margin-top: -30px !important;}\u00bb]<\/p>\n<p>&nbsp;<\/p>\n<p><strong>U.E. Patricia Garc\u00eda de Reyes<\/strong><\/p>\n<p>Callej\u00f3n San Antonio,<br \/>\nAvenida San Antonio,<br \/>\nG\u00fciria, estado Sucre.<br \/>\n(0424) 861 5243<\/p>\n<p><a href=\"mailto:pgreyes.ori@feyalegria.edu.ve\">pgreyes.ori@feyalegria.edu.ve<\/a>[\/vc_column_text][vc_separator color=\u00bbmulled_wine\u00bb align=\u00bbalign_left\u00bb style=\u00bbshadow\u00bb el_width=\u00bb50&#8243;][\/vc_column_inner][vc_column_inner width=\u00bb1\/3&#8243; css=\u00bb.vc_custom_1596259609387{padding-top: 40px !important;padding-left: 40px !important;}\u00bb][vc_column_text css=\u00bb.vc_custom_1709593238438{margin-top: -30px !important;}\u00bb]<\/p>\n<p>&nbsp;<\/p>\n<p><strong>Anatilde Salcedo<\/strong><\/p>\n<p>Sector Fe y Alegr\u00eda, Calle Principal,<br \/>\nS\/N, Jusep\u00edn, estado Monagas.<br \/>\n(0416) 405 7070<\/p>\n<p><a href=\"mailto:asalcedo.ori@feyalegria.edu.ve\">asalcedo.ori@feyalegria.edu.ve<\/a><\/p>\n<p>[\/vc_column_text][vc_separator color=\u00bbmulled_wine\u00bb align=\u00bbalign_left\u00bb style=\u00bbshadow\u00bb el_width=\u00bb50&#8243;][vc_column_text css=\u00bb.vc_custom_1709593380532{margin-top: -30px !important;}\u00bb]<\/p>\n<p>&nbsp;<\/p>\n<p><strong>El Tigre<\/strong><\/p>\n<p>Av. El Ej\u00e9rcito C\/C Segunda,<br \/>\nBarrio Jos\u00e9 Antonio P\u00e1ez,<br \/>\nEl Tigre, estado Anzo\u00e1tegui.<br \/>\n(0283) 235 3255<\/p>\n<p><a href=\"mailto:eltigre.ori@feyalegria.edu.ve\">eltigre.ori@feyalegria.edu.ve<\/a>[\/vc_column_text][vc_separator color=\u00bbmulled_wine\u00bb align=\u00bbalign_left\u00bb style=\u00bbshadow\u00bb el_width=\u00bb50&#8243;][vc_column_text css=\u00bb.vc_custom_1709593566848{margin-top: -30px !important;}\u00bb]<\/p>\n<p>&nbsp;<\/p>\n<p><strong>Madre Alberta Gim\u00e9nez<\/strong><\/p>\n<p>Av. Car\u00fapano,<br \/>\nV\u00eda Caiguire,<br \/>\nCuman\u00e1, estado Sucre.<br \/>\n(0293) 431 7083<\/p>\n<p><a href=\"mailto:magimenez.ori@feyalegria.edu.ve\">magimenez.ori@feyalegria.edu.ve<\/a>[\/vc_column_text][vc_separator color=\u00bbmulled_wine\u00bb align=\u00bbalign_left\u00bb style=\u00bbshadow\u00bb el_width=\u00bb50&#8243;][vc_column_text css=\u00bb.vc_custom_1709593788990{margin-top: -30px !important;}\u00bb]<\/p>\n<p>&nbsp;<\/p>\n<p><strong>P. Jos\u00e9 Mar\u00eda V\u00e9laz<\/strong><\/p>\n<p>Urb. La Llanada, Sector 2,<br \/>\nCalle 6, Cuman\u00e1, estado Sucre.<br \/>\n(0412) 087 0066<\/p>\n<p><a href=\"mailto:PJMVELAZ.ORI@FEYALEGRIA.EDU.VE\">pjmvelaz.ori@feyalegria.edu.ve<\/a>[\/vc_column_text][vc_separator color=\u00bbmulled_wine\u00bb align=\u00bbalign_left\u00bb style=\u00bbshadow\u00bb el_width=\u00bb50&#8243;][vc_column_text css=\u00bb.vc_custom_1709593913054{margin-top: -30px !important;}\u00bb]<\/p>\n<p>&nbsp;<\/p>\n<p><strong>Puerto La Cruz<\/strong><\/p>\n<p>Calle Araguaney N\u00b0 19,<br \/>\nTierra Adentro,<br \/>\nPuerto La Cruz, estado Anzo\u00e1tegui.<br \/>\n(0281) 266 1161<\/p>\n<p><a href=\"mailto:plcruz.ori@feyalegria.edu.ve\">plcruz.ori@feyalegria.edu.ve<\/a>[\/vc_column_text][vc_separator color=\u00bbmulled_wine\u00bb align=\u00bbalign_left\u00bb style=\u00bbshadow\u00bb el_width=\u00bb50&#8243;][vc_column_text css=\u00bb.vc_custom_1709594099297{margin-top: -30px !important;}\u00bb]<\/p>\n<p>&nbsp;<\/p>\n<p><strong>Santa Teresa de Jes\u00fas<\/strong><\/p>\n<p>Av. Los Pilones,<br \/>\nSector Al\u00ed Primera,<br \/>\nAnaco, estado Anzo\u00e1tegui.<br \/>\n(0412) 741 8329<\/p>\n<p><a href=\"mailto:stjesus.ori@feyalegria.edu.ve\">stjesus.ori@feyalegria.edu.ve<\/a>[\/vc_column_text][vc_separator color=\u00bbmulled_wine\u00bb align=\u00bbalign_left\u00bb style=\u00bbshadow\u00bb el_width=\u00bb50&#8243;][\/vc_column_inner][vc_column_inner width=\u00bb1\/3&#8243; css=\u00bb.vc_custom_1596259621316{padding-top: 40px !important;padding-left: 40px !important;}\u00bb][vc_column_text css=\u00bb.vc_custom_1709593270836{margin-top: -30px !important;}\u00bb]<\/p>\n<p>&nbsp;<\/p>\n<p><strong>\u00c1ngel de la Guarda<\/strong><br \/>\nCalle San Antonio, Sector 1,<br \/>\nBarrio Sabana Grande,<br \/>\nMatur\u00edn, estado Monagas.<br \/>\n(0291) 641 8610<\/p>\n<p><a href=\"mailto:aguarda.ori@feyalegria.edu.ve\">aguarda.ori@feyalegria.edu.ve<\/a>[\/vc_column_text][vc_separator color=\u00bbmulled_wine\u00bb align=\u00bbalign_left\u00bb style=\u00bbshadow\u00bb el_width=\u00bb50&#8243;][vc_column_text css=\u00bb.vc_custom_1709593435949{margin-top: -30px !important;}\u00bb]<\/p>\n<p>&nbsp;<\/p>\n<p><strong>Juan Quijano<\/strong><br \/>\nUrb. Francisco \u201cPancho\u201d Mayz,<br \/>\nCarretera Nacional Car\u00fapano \u2013 Cuman\u00e1,<br \/>\nCariaco, estado Sucre.<br \/>\n(0294) 555 3205<\/p>\n<p><a href=\"mailto:jquijano.ori@feyalegria.edu.ve\">jquijano.ori@feyalegria.edu.ve<\/a>[\/vc_column_text][vc_separator color=\u00bbmulled_wine\u00bb align=\u00bbalign_left\u00bb style=\u00bbshadow\u00bb el_width=\u00bb50&#8243;][vc_column_text css=\u00bb.vc_custom_1709593624325{margin-top: -30px !important;}\u00bb]<\/p>\n<p>&nbsp;<\/p>\n<p><strong>Mar\u00eda Luisa Tubores<\/strong><\/p>\n<p>La Sabaneta III,<br \/>\nCalle Bol\u00edvar,<br \/>\nJuan Griego, estado Nueva Esparta.<br \/>\n(0295) 253 0815<\/p>\n<p><a href=\"mailto:mttubores.ori@feyalegria.edu.ve\">mttubores.ori@feyalegria.edu.ve<\/a>[\/vc_column_text][vc_separator color=\u00bbmulled_wine\u00bb align=\u00bbalign_left\u00bb style=\u00bbshadow\u00bb el_width=\u00bb50&#8243;][vc_column_text css=\u00bb.vc_custom_1709593834137{margin-top: -30px !important;}\u00bb]<\/p>\n<p>&nbsp;<\/p>\n<p><strong>Padre Luis Ormieres<\/strong><\/p>\n<p>Carrera 3, S\/N, Barrio La Murallita,<br \/>\nMatur\u00edn, estado Monagas.<br \/>\n(0291) 651 1878<\/p>\n<p><a href=\"mailto:plormieres.ori@feyalegria.edu.ve\">plormieres.ori@feyalegria.edu.ve<\/a>[\/vc_column_text][vc_separator color=\u00bbmulled_wine\u00bb align=\u00bbalign_left\u00bb style=\u00bbshadow\u00bb el_width=\u00bb50&#8243;][vc_column_text css=\u00bb.vc_custom_1709593964951{margin-top: -30px !important;}\u00bb]<\/p>\n<p>&nbsp;<\/p>\n<p><strong>San Joaqu\u00edn<\/strong><br \/>\nParcelamiento San Joaqu\u00edn,<br \/>\nCalle Anaco, S\/N,<br \/>\nAnaco, estado Anzo\u00e1tegui.<br \/>\n(0282) 414 2684<\/p>\n<p><a href=\"mailto:psanjoaquin.ori@feyalegria.edu.ve\">psanjoaquin.ori@feyalegria.edu.ve<\/a>[\/vc_column_text][vc_separator color=\u00bbmulled_wine\u00bb align=\u00bbalign_left\u00bb style=\u00bbshadow\u00bb el_width=\u00bb50&#8243;][vc_column_text css=\u00bb.vc_custom_1709594154089{margin-top: -30px !important;}\u00bb]<\/p>\n<p>&nbsp;<\/p>\n<p><strong>Temblador<\/strong><\/p>\n<p>Calle Apure con Chaguaramas,<br \/>\nTemblador, estado Monagas.<br \/>\n(0287) 792 2048<\/p>\n<p><a href=\"mailto:feyalegriatemblador@gmail.com\" target=\"_blank\" rel=\"noopener noreferrer\">feyalegriatemblador@gmail.com <\/a>[\/vc_column_text][vc_separator color=\u00bbmulled_wine\u00bb align=\u00bbalign_left\u00bb style=\u00bbshadow\u00bb el_width=\u00bb50&#8243;][\/vc_column_inner][\/vc_row_inner][\/vc_column][\/vc_row][vc_row][vc_column]<div style=\"background-color:;height: 100px\" class=\"nicdark_section  \"><\/div>[\/vc_column][\/vc_row]<\/p>\n<\/div>","protected":false},"excerpt":{"rendered":"<p>[vc_row][vc_column width=\u00bb2\/3&#8243;][\/vc_column][vc_column width=\u00bb1\/3&#8243; css=\u00bb.vc_custom_1596260583144{margin-top: -35px !important;padding-left: 40px !important;}\u00bb][\/vc_column][\/vc_row][vc_row][vc_column][vc_row_inner][vc_column_inner width=\u00bb1\/3&#8243; css=\u00bb.vc_custom_1596259587901{padding-top: 40px !important;padding-left: 40px !important;}\u00bb][vc_column_text css=\u00bb.vc_custom_1709593177810{margin-top: -30px !important;}\u00bb] &nbsp; Aguasay Calle Andr\u00e9s Bello, Sector Fe y Alegr\u00eda, Aguasay, estado Monagas. (0292) 744 4504 aguasay.ori@feyalegria.edu.ve [\/vc_column_text][vc_separator color=\u00bbmulled_wine\u00bb align=\u00bbalign_left\u00bb style=\u00bbshadow\u00bb el_width=\u00bb50&#8243;][vc_column_text css=\u00bb.vc_custom_1709593337621{margin-top: -30px !important;}\u00bb] &nbsp; Campo Mata Calle Principal, Campo PDVSA, Parroquia Cantaura, Campo Mata, estado Anzo\u00e1tegui. (0426)<\/p>\n","protected":false},"author":90,"featured_media":0,"parent":0,"menu_order":0,"comment_status":"closed","ping_status":"closed","template":"","meta":{"_acf_changed":false,"footnotes":""},"folder":[],"class_list":["post-731","page","type-page","status-publish","hentry"],"acf":[],"yoast_head":"<!-- This site is optimized with the Yoast SEO plugin v27.5 - https:\/\/yoast.com\/product\/yoast-seo-wordpress\/ -->\n<title>Centros educativos Zona Oriente - Fe y Alegr\u00eda en Venezuela<\/title>\n<meta name=\"robots\" content=\"index, follow, max-snippet:-1, max-image-preview:large, max-video-preview:-1\" \/>\n<link rel=\"canonical\" href=\"https:\/\/www.feyalegria.org\/venezuela\/centros-educativos-zona-oriente\/\" \/>\n<meta property=\"og:locale\" content=\"es_ES\" \/>\n<meta property=\"og:type\" content=\"article\" \/>\n<meta property=\"og:title\" content=\"Centros educativos Zona Oriente - Fe y Alegr\u00eda en Venezuela\" \/>\n<meta property=\"og:description\" content=\"[vc_row][vc_column width=\u00bb2\/3&#8243;][\/vc_column][vc_column width=\u00bb1\/3&#8243; css=\u00bb.vc_custom_1596260583144{margin-top: -35px !important;padding-left: 40px !important;}\u00bb][\/vc_column][\/vc_row][vc_row][vc_column][vc_row_inner][vc_column_inner width=\u00bb1\/3&#8243; css=\u00bb.vc_custom_1596259587901{padding-top: 40px !important;padding-left: 40px !important;}\u00bb][vc_column_text css=\u00bb.vc_custom_1709593177810{margin-top: -30px !important;}\u00bb] &nbsp; Aguasay Calle Andr\u00e9s Bello, Sector Fe y Alegr\u00eda, Aguasay, estado Monagas. (0292) 744 4504 aguasay.ori@feyalegria.edu.ve [\/vc_column_text][vc_separator color=\u00bbmulled_wine\u00bb align=\u00bbalign_left\u00bb style=\u00bbshadow\u00bb el_width=\u00bb50&#8243;][vc_column_text css=\u00bb.vc_custom_1709593337621{margin-top: -30px !important;}\u00bb] &nbsp; Campo Mata Calle Principal, Campo PDVSA, Parroquia Cantaura, Campo Mata, estado Anzo\u00e1tegui. (0426)\" \/>\n<meta property=\"og:url\" content=\"https:\/\/www.feyalegria.org\/venezuela\/centros-educativos-zona-oriente\/\" \/>\n<meta property=\"og:site_name\" content=\"Fe y Alegr\u00eda en Venezuela\" \/>\n<meta property=\"article:modified_time\" content=\"2025-05-19T19:30:03+00:00\" \/>\n<meta name=\"twitter:card\" content=\"summary_large_image\" \/>\n<meta name=\"twitter:label1\" content=\"Tiempo de lectura\" \/>\n\t<meta name=\"twitter:data1\" content=\"3 minutos\" \/>\n<script type=\"application\/ld+json\" class=\"yoast-schema-graph\">{\"@context\":\"https:\\\/\\\/schema.org\",\"@graph\":[{\"@type\":\"WebPage\",\"@id\":\"https:\\\/\\\/www.feyalegria.org\\\/venezuela\\\/centros-educativos-zona-oriente\\\/\",\"url\":\"https:\\\/\\\/www.feyalegria.org\\\/venezuela\\\/centros-educativos-zona-oriente\\\/\",\"name\":\"Centros educativos Zona Oriente - Fe y Alegr\u00eda en Venezuela\",\"isPartOf\":{\"@id\":\"https:\\\/\\\/www.feyalegria.org\\\/venezuela\\\/#website\"},\"datePublished\":\"2020-08-01T06:00:36+00:00\",\"dateModified\":\"2025-05-19T19:30:03+00:00\",\"inLanguage\":\"es\",\"potentialAction\":[{\"@type\":\"ReadAction\",\"target\":[\"https:\\\/\\\/www.feyalegria.org\\\/venezuela\\\/centros-educativos-zona-oriente\\\/\"]}]},{\"@type\":\"WebSite\",\"@id\":\"https:\\\/\\\/www.feyalegria.org\\\/venezuela\\\/#website\",\"url\":\"https:\\\/\\\/www.feyalegria.org\\\/venezuela\\\/\",\"name\":\"Fe y Alegr\u00eda en Venezuela\",\"description\":\"\",\"potentialAction\":[{\"@type\":\"SearchAction\",\"target\":{\"@type\":\"EntryPoint\",\"urlTemplate\":\"https:\\\/\\\/www.feyalegria.org\\\/venezuela\\\/?s={search_term_string}\"},\"query-input\":{\"@type\":\"PropertyValueSpecification\",\"valueRequired\":true,\"valueName\":\"search_term_string\"}}],\"inLanguage\":\"es\"}]}<\/script>\n<!-- \/ Yoast SEO plugin. -->","yoast_head_json":{"title":"Centros educativos Zona Oriente - Fe y Alegr\u00eda en Venezuela","robots":{"index":"index","follow":"follow","max-snippet":"max-snippet:-1","max-image-preview":"max-image-preview:large","max-video-preview":"max-video-preview:-1"},"canonical":"https:\/\/www.feyalegria.org\/venezuela\/centros-educativos-zona-oriente\/","og_locale":"es_ES","og_type":"article","og_title":"Centros educativos Zona Oriente - Fe y Alegr\u00eda en Venezuela","og_description":"[vc_row][vc_column width=\u00bb2\/3&#8243;][\/vc_column][vc_column width=\u00bb1\/3&#8243; css=\u00bb.vc_custom_1596260583144{margin-top: -35px !important;padding-left: 40px !important;}\u00bb][\/vc_column][\/vc_row][vc_row][vc_column][vc_row_inner][vc_column_inner width=\u00bb1\/3&#8243; css=\u00bb.vc_custom_1596259587901{padding-top: 40px !important;padding-left: 40px !important;}\u00bb][vc_column_text css=\u00bb.vc_custom_1709593177810{margin-top: -30px !important;}\u00bb] &nbsp; Aguasay Calle Andr\u00e9s Bello, Sector Fe y Alegr\u00eda, Aguasay, estado Monagas. (0292) 744 4504 aguasay.ori@feyalegria.edu.ve [\/vc_column_text][vc_separator color=\u00bbmulled_wine\u00bb align=\u00bbalign_left\u00bb style=\u00bbshadow\u00bb el_width=\u00bb50&#8243;][vc_column_text css=\u00bb.vc_custom_1709593337621{margin-top: -30px !important;}\u00bb] &nbsp; Campo Mata Calle Principal, Campo PDVSA, Parroquia Cantaura, Campo Mata, estado Anzo\u00e1tegui. (0426)","og_url":"https:\/\/www.feyalegria.org\/venezuela\/centros-educativos-zona-oriente\/","og_site_name":"Fe y Alegr\u00eda en Venezuela","article_modified_time":"2025-05-19T19:30:03+00:00","twitter_card":"summary_large_image","twitter_misc":{"Tiempo de lectura":"3 minutos"},"schema":{"@context":"https:\/\/schema.org","@graph":[{"@type":"WebPage","@id":"https:\/\/www.feyalegria.org\/venezuela\/centros-educativos-zona-oriente\/","url":"https:\/\/www.feyalegria.org\/venezuela\/centros-educativos-zona-oriente\/","name":"Centros educativos Zona Oriente - Fe y Alegr\u00eda en Venezuela","isPartOf":{"@id":"https:\/\/www.feyalegria.org\/venezuela\/#website"},"datePublished":"2020-08-01T06:00:36+00:00","dateModified":"2025-05-19T19:30:03+00:00","inLanguage":"es","potentialAction":[{"@type":"ReadAction","target":["https:\/\/www.feyalegria.org\/venezuela\/centros-educativos-zona-oriente\/"]}]},{"@type":"WebSite","@id":"https:\/\/www.feyalegria.org\/venezuela\/#website","url":"https:\/\/www.feyalegria.org\/venezuela\/","name":"Fe y Alegr\u00eda en Venezuela","description":"","potentialAction":[{"@type":"SearchAction","target":{"@type":"EntryPoint","urlTemplate":"https:\/\/www.feyalegria.org\/venezuela\/?s={search_term_string}"},"query-input":{"@type":"PropertyValueSpecification","valueRequired":true,"valueName":"search_term_string"}}],"inLanguage":"es"}]}},"_links":{"self":[{"href":"https:\/\/www.feyalegria.org\/venezuela\/wp-json\/wp\/v2\/pages\/731","targetHints":{"allow":["GET"]}}],"collection":[{"href":"https:\/\/www.feyalegria.org\/venezuela\/wp-json\/wp\/v2\/pages"}],"about":[{"href":"https:\/\/www.feyalegria.org\/venezuela\/wp-json\/wp\/v2\/types\/page"}],"author":[{"embeddable":true,"href":"https:\/\/www.feyalegria.org\/venezuela\/wp-json\/wp\/v2\/users\/90"}],"replies":[{"embeddable":true,"href":"https:\/\/www.feyalegria.org\/venezuela\/wp-json\/wp\/v2\/comments?post=731"}],"version-history":[{"count":0,"href":"https:\/\/www.feyalegria.org\/venezuela\/wp-json\/wp\/v2\/pages\/731\/revisions"}],"wp:attachment":[{"href":"https:\/\/www.feyalegria.org\/venezuela\/wp-json\/wp\/v2\/media?parent=731"}],"wp:term":[{"taxonomy":"folder","embeddable":true,"href":"https:\/\/www.feyalegria.org\/venezuela\/wp-json\/wp\/v2\/folder?post=731"}],"curies":[{"name":"wp","href":"https:\/\/api.w.org\/{rel}","templated":true}]}}