 {"id":733,"date":"2020-08-01T06:01:07","date_gmt":"2020-08-01T06:01:07","guid":{"rendered":"https:\/\/www.feyalegria.org\/venezuela\/?page_id=733"},"modified":"2025-05-19T19:28:00","modified_gmt":"2025-05-19T19:28:00","slug":"centros-educativos-zona-central","status":"publish","type":"page","link":"https:\/\/www.feyalegria.org\/venezuela\/centros-educativos-zona-central\/","title":{"rendered":"Centros educativos Zona Central"},"content":{"rendered":"<div class=\"wpb-content-wrapper\"><p>[vc_row][vc_column width=\u00bb2\/3&#8243;]<div style=\"background-color:;height: 50px\" class=\"nicdark_section  \"><\/div>[\/vc_column][vc_column width=\u00bb1\/3&#8243; css=\u00bb.vc_custom_1596260583144{margin-top: -35px !important;padding-left: 40px !important;}\u00bb]<a href=\"https:\/\/www.feyalegria.org\/venezuela\/directorio-fe-y-alegria-escuela\/\" title=\"Directorio\"  data-id=\"mpc_button-9369d70e25222cc\" class=\"mpc-button mpc-init mpc-transition \" ><div class=\"mpc-button__content mpc-effect-type--none mpc-effect-side--none\"><span class=\"mpc-button__title mpc-transition\">Volver al Directorio<\/span><\/div><div class=\"mpc-button__background mpc-transition mpc-effect-type--fade mpc-effect-side--in\"><\/div><\/a>[\/vc_column][\/vc_row][vc_row][vc_column][vc_row_inner][vc_column_inner width=\u00bb1\/3&#8243; css=\u00bb.vc_custom_1596259587901{padding-top: 40px !important;padding-left: 40px !important;}\u00bb][vc_column_text css=\u00bb.vc_custom_1596421899733{margin-top: -30px !important;}\u00bb]<\/p>\n<p><strong>Dr. Leopoldo Y\u00e1nez<\/strong><\/p>\n<p>Av. 112-A San Juan Mar\u00eda Vianney,<br \/>\nN\u00ba 75-201, Barrio Cabriales,<br \/>\nValencia, estado Carabobo.<br \/>\n(0241) 853 4876<\/p>\n<p><a href=\"mailto:dlydireccion@gmail.com\" target=\"_blank\" rel=\"noopener noreferrer\">dlydireccion@gmail.com <\/a>[\/vc_column_text][vc_separator color=\u00bbmulled_wine\u00bb align=\u00bbalign_left\u00bb style=\u00bbshadow\u00bb el_width=\u00bb50&#8243;][vc_column_text css=\u00bb.vc_custom_1709578449681{margin-top: -30px !important;}\u00bb]<\/p>\n<p>&nbsp;<\/p>\n<p><strong>Hermana Dolores<\/strong><br \/>\nBarrio Universitario, Calle El Esfuerzo,<br \/>\nentre Calles 27 y 28,<br \/>\nPuerto Cabello, estado Carabobo.<br \/>\n(0242) 364 2756<\/p>\n<p><a href=\"mailto:hdolores.cen@feyalegria.edu.ve\">hdolores.cen@feyalegria.edu.ve<\/a>[\/vc_column_text][vc_separator color=\u00bbmulled_wine\u00bb align=\u00bbalign_left\u00bb style=\u00bbshadow\u00bb el_width=\u00bb50&#8243;][vc_column_text css=\u00bb.vc_custom_1709578558592{margin-top: -30px !important;}\u00bb]<\/p>\n<p>&nbsp;<\/p>\n<p><strong>IEE Oscar Fernando Benedetti<\/strong><br \/>\n1\u00aa Transversal, Barrio El Libertador,<br \/>\nV\u00eda Arag\u00fcita, Guacara, estado Carabobo.<br \/>\n(0245) 564 2212 | 564 0217<\/p>\n<p><a href=\"mailto:ieeofbfya@gmail.com\">ieeofbfya@gmail.com<\/a>[\/vc_column_text][vc_separator color=\u00bbmulled_wine\u00bb align=\u00bbalign_left\u00bb style=\u00bbshadow\u00bb el_width=\u00bb50&#8243;][vc_column_text css=\u00bb.vc_custom_1709578752827{margin-top: -30px !important;}\u00bb]<\/p>\n<p>&nbsp;<\/p>\n<p><strong>Juan Jos\u00e9 Zugarramurdi<\/strong><br \/>\nBarrio San Vicente, Calle Capit\u00e1n Zanfrane,<br \/>\nN\u00ba 127, Sector La Isabelita,<br \/>\nMaracay, estado Aragua.<br \/>\n(0414) 459 4856<\/p>\n<p><a href=\"mailto:pjjzugarramurdi.cen@feyalegria.edu.ve\">pjjzugarramurdi.cen@feyalegria.edu.ve<\/a>[\/vc_column_text][vc_separator color=\u00bbmulled_wine\u00bb align=\u00bbalign_left\u00bb style=\u00bbshadow\u00bb el_width=\u00bb50&#8243;][vc_column_text css=\u00bb.vc_custom_1709578924401{margin-top: -30px !important;}\u00bb]<\/p>\n<p>&nbsp;<\/p>\n<p><strong>Monse\u00f1or Jos\u00e9 Al\u00ed Lebr\u00fan<\/strong><br \/>\nUrb. Alfredo Travieso Pa\u00fal, Av. Principal,<br \/>\nVereda A, Puerto Cabello, estado Carabobo.<br \/>\n(0242) 364 4227<\/p>\n<p><a href=\"mailto:mjalebrun.cen@feyalegria.edu.ve\">mjalebrun.cen@feyalegria.edu.ve<\/a><\/p>\n<p>[\/vc_column_text][vc_separator color=\u00bbmulled_wine\u00bb align=\u00bbalign_left\u00bb style=\u00bbshadow\u00bb el_width=\u00bb50&#8243;][vc_column_text css=\u00bb.vc_custom_1709579086748{margin-top: -30px !important;}\u00bb]<\/p>\n<p>&nbsp;<\/p>\n<p><strong>Sagrada Familia<\/strong><br \/>\nCalle Bol\u00edvar, N\u00ba 122, San Fernando,<br \/>\nestado Apure.<br \/>\n(0247) 341 1965<\/p>\n<p><a href=\"mailto:sfamilia.cen@feyalegria.edu.ve\">sfamilia.cen@feyalegria.edu.ve<\/a>[\/vc_column_text][vc_separator color=\u00bbmulled_wine\u00bb align=\u00bbalign_left\u00bb style=\u00bbshadow\u00bb el_width=\u00bb50&#8243;][vc_column_text css=\u00bb.vc_custom_1709579282574{margin-top: -30px !important;}\u00bb]<\/p>\n<p>&nbsp;<\/p>\n<p><strong>Santa Teresita<\/strong><br \/>\nBarrio La Democracia, V\u00eda El Pa\u00edto,<br \/>\nValencia, estado Carabobo.<br \/>\n(0241) 847 9556<\/p>\n<p><a href=\"mailto:steresita.cen@feyalegria.edu.ve\">steresita.cen@feyalegria.edu.ve<\/a>[\/vc_column_text][vc_separator color=\u00bbmulled_wine\u00bb align=\u00bbalign_left\u00bb style=\u00bbshadow\u00bb el_width=\u00bb50&#8243;][\/vc_column_inner][vc_column_inner width=\u00bb1\/3&#8243; css=\u00bb.vc_custom_1596259609387{padding-top: 40px !important;padding-left: 40px !important;}\u00bb][vc_column_text css=\u00bb.vc_custom_1596421990559{margin-top: -30px !important;}\u00bb]<\/p>\n<p><strong>Eliodoro Betancourt<\/strong><br \/>\nCalle San Miguel, N\u00b0 31,<br \/>\nBarrio 23 de Enero<br \/>\nMaracay, estado Aragua.<br \/>\n(0243) 554 9334<\/p>\n<p><a href=\"mailto:uepeliodorobetancourtfya@gmail.com\" target=\"_blank\" rel=\"noopener noreferrer\">uepeliodorobetancourtfya@gmail.com <\/a>[\/vc_column_text][vc_separator color=\u00bbmulled_wine\u00bb align=\u00bbalign_left\u00bb style=\u00bbshadow\u00bb el_width=\u00bb50&#8243;][vc_column_text css=\u00bb.vc_custom_1709578483684{margin-top: -30px !important;}\u00bb]<\/p>\n<p>&nbsp;<\/p>\n<p><strong>Hermana Elvira Fuentes<\/strong><br \/>\nCalle 12 Sur, N\u00b0 107,<br \/>\nSan Jos\u00e9, Maracay, estado Aragua.<br \/>\n(0243) 234 6112<\/p>\n<p><a href=\"mailto:hefuentes.cen@feyalegria.edu.ve\">hefuentes.cen@feyalegria.edu.ve<\/a><\/p>\n<p>[\/vc_column_text][vc_separator color=\u00bbmulled_wine\u00bb align=\u00bbalign_left\u00bb style=\u00bbshadow\u00bb el_width=\u00bb50&#8243;][vc_column_text css=\u00bb.vc_custom_1709578620852{margin-top: -30px !important;}\u00bb]<\/p>\n<p>&nbsp;<\/p>\n<p><strong>Jacob P\u00e9rez Carballo<\/strong><br \/>\nCalle 12 Sur, N\u00b0 107, San Jos\u00e9,<br \/>\nMaracay, estado Aragua.<br \/>\n(0243) 235 9376<\/p>\n<p><a href=\"mailto:jpcarballo.cen@feyalegria.edu.ve\">jpcarballo.cen@feyalegria.edu.ve<\/a>[\/vc_column_text][vc_separator color=\u00bbmulled_wine\u00bb align=\u00bbalign_left\u00bb style=\u00bbshadow\u00bb el_width=\u00bb50&#8243;][vc_column_text css=\u00bb.vc_custom_1709578801606{margin-top: -30px !important;}\u00bb]<\/p>\n<p>&nbsp;<\/p>\n<p><strong>Juan Jos\u00e9 Zugarramurdi II<\/strong><br \/>\nBarrio San Vicente, final Calle G,<br \/>\nAsentamiento Campesino Manuel Olivares B.<br \/>\nMaracay, estado Aragua.<\/p>\n<p>&nbsp;<\/p>\n<p><a href=\"mailto:pjjzugarramurdi2.cen@feyalegria.edu.ve\">pjjzugarramurdi2.cen@feyalegria.edu.ve<\/a>[\/vc_column_text][vc_separator color=\u00bbmulled_wine\u00bb align=\u00bbalign_left\u00bb style=\u00bbshadow\u00bb el_width=\u00bb50&#8243;][vc_column_text css=\u00bb.vc_custom_1709578961714{margin-top: -30px !important;}\u00bb]<\/p>\n<p>&nbsp;<\/p>\n<p><strong>Oscar Fernando Benedetti<\/strong><br \/>\nBarrio El Libertador, 2\u00aa Calle, V\u00eda Arag\u00fcita,<br \/>\nGuacara, estado Carabobo.<br \/>\n(0245) 564 0217<\/p>\n<p><a href=\"mailto:ofbenedetti.cen@feyalegria.edu.ve\">ofbenedetti.cen@feyalegria.edu.ve<\/a><\/p>\n<p>[\/vc_column_text][vc_separator color=\u00bbmulled_wine\u00bb align=\u00bbalign_left\u00bb style=\u00bbshadow\u00bb el_width=\u00bb50&#8243;][vc_column_text css=\u00bb.vc_custom_1709579428908{margin-top: -30px !important;}\u00bb]<\/p>\n<p>&nbsp;<\/p>\n<p><strong>Santa Ana<\/strong><br \/>\nAv. Michelena, entre Urdaneta y Mart\u00edn Tovar,<br \/>\nValencia, estado Carabobo.<br \/>\n(0241) 892 8172<\/p>\n<p><a href=\"mailto:sana.cen@feyalegria.edu.ve\">sana.cen@feyalegria.edu.ve<\/a>[\/vc_column_text][vc_separator color=\u00bbmulled_wine\u00bb align=\u00bbalign_left\u00bb style=\u00bbshadow\u00bb el_width=\u00bb50&#8243;][vc_column_text css=\u00bb.vc_custom_1709579327669{margin-top: -30px !important;}\u00bb]<\/p>\n<p>&nbsp;<\/p>\n<p><strong>Sim\u00f3n Rodr\u00edguez<\/strong><br \/>\nAv. Circunvalaci\u00f3n La Indiana Sur,<br \/>\nSan Joaqu\u00edn, estado Carabobo.<br \/>\n(0245) 552 1955<\/p>\n<p><a href=\"mailto:srodriguez.cen@feyalegria.edu.ve\">srodriguez.cen@feyalegria.edu.ve<\/a>[\/vc_column_text][vc_separator color=\u00bbmulled_wine\u00bb align=\u00bbalign_left\u00bb style=\u00bbshadow\u00bb el_width=\u00bb50&#8243;][\/vc_column_inner][vc_column_inner width=\u00bb1\/3&#8243; css=\u00bb.vc_custom_1596259621316{padding-top: 40px !important;padding-left: 40px !important;}\u00bb][vc_column_text css=\u00bb.vc_custom_1596422398954{margin-top: -30px !important;}\u00bb]<\/p>\n<p><strong>Eugenio Mendoza Goiticoa<\/strong><br \/>\nCalle Bol\u00edvar, cruce con Plaza<br \/>\nSan Juan N\u00ba 61,<br \/>\nMagdaleno, estado Aragua.<br \/>\n(0244) 846 1210<\/p>\n<p><a href=\"mailto:fyaemg@gmail.com\" target=\"_blank\" rel=\"noopener noreferrer\">fyaemg@gmail.com <\/a>[\/vc_column_text][vc_separator color=\u00bbmulled_wine\u00bb align=\u00bbalign_left\u00bb style=\u00bbshadow\u00bb el_width=\u00bb50&#8243;][vc_column_text css=\u00bb.vc_custom_1709578528457{margin-top: -30px !important;}\u00bb]<\/p>\n<p>&nbsp;<\/p>\n<p><strong>Hermana Felisa Urrutia<\/strong><br \/>\nCalle Democracia, N\u00b0 106-34*,<br \/>\nBarrio Bella Vista,<br \/>\nCagua, estado Aragua.<br \/>\n(0244) 395 2389<\/p>\n<p><a href=\"mailto:hfurrutia.cen@feyalegria.edu.ve\">hfurrutia.cen@feyalegria.edu.ve<\/a>[\/vc_column_text][vc_separator color=\u00bbmulled_wine\u00bb align=\u00bbalign_left\u00bb style=\u00bbshadow\u00bb el_width=\u00bb50&#8243;][vc_column_text css=\u00bb.vc_custom_1709578654239{margin-top: -30px !important;}\u00bb]<\/p>\n<p>&nbsp;<\/p>\n<p><strong>Juan Claudio Col\u00edn<\/strong><br \/>\nAv. Principal Venezuela, Barrio Bucaral 2,<br \/>\nV\u00eda Flor Amarillo, Valencia, estado Carabobo.<\/p>\n<p><a href=\"mailto:jccolin.cen@feyalegria.edu.ve\">jccolin.cen@feyalegria.edu.ve<\/a>[\/vc_column_text][vc_separator color=\u00bbmulled_wine\u00bb align=\u00bbalign_left\u00bb style=\u00bbshadow\u00bb el_width=\u00bb50&#8243;][vc_column_text css=\u00bb.vc_custom_1709578849696{margin-top: -30px !important;}\u00bb]<\/p>\n<p>&nbsp;<\/p>\n<p><strong>Luisa C\u00e1ceres de Arismendi<\/strong><br \/>\nAv. Stelling, Fundaci\u00f3n Mendoza,<br \/>\nValencia, estado Carabobo.<br \/>\n(0241) 847 2069 | 848 7056<\/p>\n<p><a href=\"mailto:lcarismendi.cen@feyalegria.edu.ve\">lcarismendi.cen@feyalegria.edu.ve<\/a><\/p>\n<p>[\/vc_column_text][vc_separator color=\u00bbmulled_wine\u00bb align=\u00bbalign_left\u00bb style=\u00bbshadow\u00bb el_width=\u00bb50&#8243;][vc_column_text css=\u00bb.vc_custom_1709579043747{margin-top: -30px !important;}\u00bb]<\/p>\n<p>&nbsp;<\/p>\n<p><strong>Padre Gumilla<\/strong><br \/>\nAv. Perimetral Biruaca, Km. 5, Hato<br \/>\nLa Guanota, San Fernando de Apure,<br \/>\nestado Apure.<br \/>\n(0247) 364 6703<\/p>\n<p><a href=\"mailto:pgguanota.cen@feyalegria.edu.ve\">pgguanota.cen@feyalegria.edu.ve<\/a>[\/vc_column_text][vc_separator color=\u00bbmulled_wine\u00bb align=\u00bbalign_left\u00bb style=\u00bbshadow\u00bb el_width=\u00bb50&#8243;][vc_column_text css=\u00bb.vc_custom_1709579207940{margin-top: -30px !important;}\u00bb]<\/p>\n<p>&nbsp;<\/p>\n<p><strong>San Francisco de Sales<\/strong><br \/>\nBarrio La Concordia, Av. Principal,<br \/>\nN\u00ba 75-26, Valencia, estado Carabobo.<br \/>\n(0241) 847 4134<\/p>\n<p><a href=\"mailto:sfsales.cen@feyalegria.edu.ve\">sfsales.cen@feyalegria.edu.ve<\/a>[\/vc_column_text][vc_separator color=\u00bbmulled_wine\u00bb align=\u00bbalign_left\u00bb style=\u00bbshadow\u00bb el_width=\u00bb50&#8243;][vc_column_text css=\u00bb.vc_custom_1709579362775{margin-top: -30px !important;}\u00bb]<\/p>\n<p>&nbsp;<\/p>\n<p><strong>Virgen del Rosario<\/strong><br \/>\nCalle Andr\u00e9s Eloy B., cruce con Pinto Salinas,<br \/>\nBarrio La Morita II, Turmero, estado Aragua.<br \/>\n(0243) 271 2433<\/p>\n<p><a href=\"mailto:vrosario.cen@feyalegria.edu.ve\">vrosario.cen@feyalegria.edu.ve<\/a>[\/vc_column_text][vc_separator color=\u00bbmulled_wine\u00bb align=\u00bbalign_left\u00bb style=\u00bbshadow\u00bb el_width=\u00bb50&#8243;][\/vc_column_inner][\/vc_row_inner][\/vc_column][\/vc_row][vc_row][vc_column]<div style=\"background-color:;height: 100px\" class=\"nicdark_section  \"><\/div>[\/vc_column][\/vc_row]<\/p>\n<\/div>","protected":false},"excerpt":{"rendered":"<p>[vc_row][vc_column width=\u00bb2\/3&#8243;][\/vc_column][vc_column width=\u00bb1\/3&#8243; css=\u00bb.vc_custom_1596260583144{margin-top: -35px !important;padding-left: 40px !important;}\u00bb][\/vc_column][\/vc_row][vc_row][vc_column][vc_row_inner][vc_column_inner width=\u00bb1\/3&#8243; css=\u00bb.vc_custom_1596259587901{padding-top: 40px !important;padding-left: 40px !important;}\u00bb][vc_column_text css=\u00bb.vc_custom_1596421899733{margin-top: -30px !important;}\u00bb] Dr. Leopoldo Y\u00e1nez Av. 112-A San Juan Mar\u00eda Vianney, N\u00ba 75-201, Barrio Cabriales, Valencia, estado Carabobo. (0241) 853 4876 dlydireccion@gmail.com [\/vc_column_text][vc_separator color=\u00bbmulled_wine\u00bb align=\u00bbalign_left\u00bb style=\u00bbshadow\u00bb el_width=\u00bb50&#8243;][vc_column_text css=\u00bb.vc_custom_1709578449681{margin-top: -30px !important;}\u00bb] &nbsp; Hermana Dolores Barrio Universitario, Calle El Esfuerzo, entre Calles<\/p>\n","protected":false},"author":90,"featured_media":0,"parent":0,"menu_order":0,"comment_status":"closed","ping_status":"closed","template":"","meta":{"_acf_changed":false,"footnotes":""},"folder":[],"class_list":["post-733","page","type-page","status-publish","hentry"],"acf":[],"yoast_head":"<!-- This site is optimized with the Yoast SEO plugin v27.2 - https:\/\/yoast.com\/product\/yoast-seo-wordpress\/ -->\n<title>Centros educativos Zona Central - Fe y Alegr\u00eda en Venezuela<\/title>\n<meta name=\"robots\" content=\"index, follow, max-snippet:-1, max-image-preview:large, max-video-preview:-1\" \/>\n<link rel=\"canonical\" href=\"https:\/\/www.feyalegria.org\/venezuela\/centros-educativos-zona-central\/\" \/>\n<meta property=\"og:locale\" content=\"es_ES\" \/>\n<meta property=\"og:type\" content=\"article\" \/>\n<meta property=\"og:title\" content=\"Centros educativos Zona Central - Fe y Alegr\u00eda en Venezuela\" \/>\n<meta property=\"og:description\" content=\"[vc_row][vc_column width=\u00bb2\/3&#8243;][\/vc_column][vc_column width=\u00bb1\/3&#8243; css=\u00bb.vc_custom_1596260583144{margin-top: -35px !important;padding-left: 40px !important;}\u00bb][\/vc_column][\/vc_row][vc_row][vc_column][vc_row_inner][vc_column_inner width=\u00bb1\/3&#8243; css=\u00bb.vc_custom_1596259587901{padding-top: 40px !important;padding-left: 40px !important;}\u00bb][vc_column_text css=\u00bb.vc_custom_1596421899733{margin-top: -30px !important;}\u00bb] Dr. Leopoldo Y\u00e1nez Av. 112-A San Juan Mar\u00eda Vianney, N\u00ba 75-201, Barrio Cabriales, Valencia, estado Carabobo. (0241) 853 4876 dlydireccion@gmail.com [\/vc_column_text][vc_separator color=\u00bbmulled_wine\u00bb align=\u00bbalign_left\u00bb style=\u00bbshadow\u00bb el_width=\u00bb50&#8243;][vc_column_text css=\u00bb.vc_custom_1709578449681{margin-top: -30px !important;}\u00bb] &nbsp; Hermana Dolores Barrio Universitario, Calle El Esfuerzo, entre Calles\" \/>\n<meta property=\"og:url\" content=\"https:\/\/www.feyalegria.org\/venezuela\/centros-educativos-zona-central\/\" \/>\n<meta property=\"og:site_name\" content=\"Fe y Alegr\u00eda en Venezuela\" \/>\n<meta property=\"article:modified_time\" content=\"2025-05-19T19:28:00+00:00\" \/>\n<meta name=\"twitter:card\" content=\"summary_large_image\" \/>\n<meta name=\"twitter:label1\" content=\"Tiempo de lectura\" \/>\n\t<meta name=\"twitter:data1\" content=\"3 minutos\" \/>\n<script type=\"application\/ld+json\" class=\"yoast-schema-graph\">{\"@context\":\"https:\/\/schema.org\",\"@graph\":[{\"@type\":\"WebPage\",\"@id\":\"https:\/\/www.feyalegria.org\/venezuela\/centros-educativos-zona-central\/\",\"url\":\"https:\/\/www.feyalegria.org\/venezuela\/centros-educativos-zona-central\/\",\"name\":\"Centros educativos Zona Central - Fe y Alegr\u00eda en Venezuela\",\"isPartOf\":{\"@id\":\"https:\/\/www.feyalegria.org\/venezuela\/#website\"},\"datePublished\":\"2020-08-01T06:01:07+00:00\",\"dateModified\":\"2025-05-19T19:28:00+00:00\",\"inLanguage\":\"es\",\"potentialAction\":[{\"@type\":\"ReadAction\",\"target\":[\"https:\/\/www.feyalegria.org\/venezuela\/centros-educativos-zona-central\/\"]}]},{\"@type\":\"WebSite\",\"@id\":\"https:\/\/www.feyalegria.org\/venezuela\/#website\",\"url\":\"https:\/\/www.feyalegria.org\/venezuela\/\",\"name\":\"Fe y Alegr\u00eda en Venezuela\",\"description\":\"\",\"potentialAction\":[{\"@type\":\"SearchAction\",\"target\":{\"@type\":\"EntryPoint\",\"urlTemplate\":\"https:\/\/www.feyalegria.org\/venezuela\/?s={search_term_string}\"},\"query-input\":{\"@type\":\"PropertyValueSpecification\",\"valueRequired\":true,\"valueName\":\"search_term_string\"}}],\"inLanguage\":\"es\"}]}<\/script>\n<!-- \/ Yoast SEO plugin. -->","yoast_head_json":{"title":"Centros educativos Zona Central - Fe y Alegr\u00eda en Venezuela","robots":{"index":"index","follow":"follow","max-snippet":"max-snippet:-1","max-image-preview":"max-image-preview:large","max-video-preview":"max-video-preview:-1"},"canonical":"https:\/\/www.feyalegria.org\/venezuela\/centros-educativos-zona-central\/","og_locale":"es_ES","og_type":"article","og_title":"Centros educativos Zona Central - Fe y Alegr\u00eda en Venezuela","og_description":"[vc_row][vc_column width=\u00bb2\/3&#8243;][\/vc_column][vc_column width=\u00bb1\/3&#8243; css=\u00bb.vc_custom_1596260583144{margin-top: -35px !important;padding-left: 40px !important;}\u00bb][\/vc_column][\/vc_row][vc_row][vc_column][vc_row_inner][vc_column_inner width=\u00bb1\/3&#8243; css=\u00bb.vc_custom_1596259587901{padding-top: 40px !important;padding-left: 40px !important;}\u00bb][vc_column_text css=\u00bb.vc_custom_1596421899733{margin-top: -30px !important;}\u00bb] Dr. Leopoldo Y\u00e1nez Av. 112-A San Juan Mar\u00eda Vianney, N\u00ba 75-201, Barrio Cabriales, Valencia, estado Carabobo. (0241) 853 4876 dlydireccion@gmail.com [\/vc_column_text][vc_separator color=\u00bbmulled_wine\u00bb align=\u00bbalign_left\u00bb style=\u00bbshadow\u00bb el_width=\u00bb50&#8243;][vc_column_text css=\u00bb.vc_custom_1709578449681{margin-top: -30px !important;}\u00bb] &nbsp; Hermana Dolores Barrio Universitario, Calle El Esfuerzo, entre Calles","og_url":"https:\/\/www.feyalegria.org\/venezuela\/centros-educativos-zona-central\/","og_site_name":"Fe y Alegr\u00eda en Venezuela","article_modified_time":"2025-05-19T19:28:00+00:00","twitter_card":"summary_large_image","twitter_misc":{"Tiempo de lectura":"3 minutos"},"schema":{"@context":"https:\/\/schema.org","@graph":[{"@type":"WebPage","@id":"https:\/\/www.feyalegria.org\/venezuela\/centros-educativos-zona-central\/","url":"https:\/\/www.feyalegria.org\/venezuela\/centros-educativos-zona-central\/","name":"Centros educativos Zona Central - Fe y Alegr\u00eda en Venezuela","isPartOf":{"@id":"https:\/\/www.feyalegria.org\/venezuela\/#website"},"datePublished":"2020-08-01T06:01:07+00:00","dateModified":"2025-05-19T19:28:00+00:00","inLanguage":"es","potentialAction":[{"@type":"ReadAction","target":["https:\/\/www.feyalegria.org\/venezuela\/centros-educativos-zona-central\/"]}]},{"@type":"WebSite","@id":"https:\/\/www.feyalegria.org\/venezuela\/#website","url":"https:\/\/www.feyalegria.org\/venezuela\/","name":"Fe y Alegr\u00eda en Venezuela","description":"","potentialAction":[{"@type":"SearchAction","target":{"@type":"EntryPoint","urlTemplate":"https:\/\/www.feyalegria.org\/venezuela\/?s={search_term_string}"},"query-input":{"@type":"PropertyValueSpecification","valueRequired":true,"valueName":"search_term_string"}}],"inLanguage":"es"}]}},"_links":{"self":[{"href":"https:\/\/www.feyalegria.org\/venezuela\/wp-json\/wp\/v2\/pages\/733","targetHints":{"allow":["GET"]}}],"collection":[{"href":"https:\/\/www.feyalegria.org\/venezuela\/wp-json\/wp\/v2\/pages"}],"about":[{"href":"https:\/\/www.feyalegria.org\/venezuela\/wp-json\/wp\/v2\/types\/page"}],"author":[{"embeddable":true,"href":"https:\/\/www.feyalegria.org\/venezuela\/wp-json\/wp\/v2\/users\/90"}],"replies":[{"embeddable":true,"href":"https:\/\/www.feyalegria.org\/venezuela\/wp-json\/wp\/v2\/comments?post=733"}],"version-history":[{"count":0,"href":"https:\/\/www.feyalegria.org\/venezuela\/wp-json\/wp\/v2\/pages\/733\/revisions"}],"wp:attachment":[{"href":"https:\/\/www.feyalegria.org\/venezuela\/wp-json\/wp\/v2\/media?parent=733"}],"wp:term":[{"taxonomy":"folder","embeddable":true,"href":"https:\/\/www.feyalegria.org\/venezuela\/wp-json\/wp\/v2\/folder?post=733"}],"curies":[{"name":"wp","href":"https:\/\/api.w.org\/{rel}","templated":true}]}}