{"id":7667,"date":"2024-10-14T18:43:30","date_gmt":"2024-10-14T18:43:30","guid":{"rendered":"https:\/\/www.feyalegria.org\/venezuela\/?page_id=7667"},"modified":"2025-06-10T21:13:58","modified_gmt":"2025-06-10T21:13:58","slug":"contactanos-2","status":"publish","type":"page","link":"https:\/\/www.feyalegria.org\/venezuela\/contactanos-2\/","title":{"rendered":"Cont\u00e1ctanos"},"content":{"rendered":"<div class=\"wpb-content-wrapper\"><p>[vc_row full_width=\u00bbstretch_row_content\u00bb css=\u00bb.vc_custom_1721778500560{background-color: #aa0f16 !important;}\u00bb][vc_column][vc_column_text css=\u00bb\u00bb]<\/p>\n<h1 style=\"text-align: center;\"><span style=\"color: #ffffff;\">Cont\u00e1ctanos<\/span><\/h1>\n<p>[\/vc_column_text][\/vc_column][\/vc_row][vc_row full_width=\u00bbstretch_row_content\u00bb][vc_column]<div style=\"background-color:;height: 15px\" class=\"nicdark_section  \"><\/div>[\/vc_column][\/vc_row][vc_row][vc_column width=\u00bb1\/5&#8243; css=\u00bb.vc_custom_1749589856794{margin-right: 20px !important;}\u00bb][vc_btn title=\u00bbFinanciamiento y gesti\u00f3n\u00bb style=\u00bboutline-custom\u00bb outline_custom_color=\u00bb#1b878f\u00bb outline_custom_hover_background=\u00bb#1b878f\u00bb outline_custom_hover_text=\u00bb#ffffff\u00bb align=\u00bbcenter\u00bb css=\u00bb\u00bb link=\u00bburl:https%3A%2F%2Fwww.feyalegria.org%2Fvenezuela%2Ffinanciamiento-y-gestion%2F|title:Financiamiento%20y%20gesti%C3%B3n|target:_blank\u00bb][\/vc_column][vc_column width=\u00bb1\/5&#8243; alignment=\u00bbcenter\u00bb][vc_btn title=\u00bbPreguntas frecuentes\u00bb style=\u00bboutline-custom\u00bb outline_custom_color=\u00bb#6f8c2b\u00bb outline_custom_hover_background=\u00bb#6f8c2b\u00bb outline_custom_hover_text=\u00bb#ffffff\u00bb align=\u00bbcenter\u00bb css=\u00bb\u00bb link=\u00bburl:https%3A%2F%2Fwww.feyalegria.org%2Fvenezuela%2Fpreguntas-frecuentes-2%2F|title:Preguntas%20frecuentes|target:_blank\u00bb][\/vc_column][vc_column width=\u00bb1\/5&#8243; alignment=\u00bbcenter\u00bb][vc_btn title=\u00bbEscuela Virtual\u00bb style=\u00bboutline-custom\u00bb outline_custom_color=\u00bb#a53580&#8243; outline_custom_hover_background=\u00bb#a53580&#8243; outline_custom_hover_text=\u00bb#ffffff\u00bb align=\u00bbcenter\u00bb css=\u00bb\u00bb link=\u00bburl:https%3A%2F%2Fescuelavirtual.feyalegria.org%2Faulas%2Fcourse%2Findex.php%3Fcategoryid%3D88|title:Cursos%20Pedagog%C3%ADa|target:_blank\u00bb][\/vc_column][vc_column width=\u00bb1\/5&#8243; alignment=\u00bbcenter\u00bb][vc_btn title=\u00bbEnConFyAnza\u00bb style=\u00bboutline-custom\u00bb outline_custom_color=\u00bb#d7ac14&#8243; outline_custom_hover_background=\u00bb#d7ac14&#8243; outline_custom_hover_text=\u00bb#ffffff\u00bb align=\u00bbcenter\u00bb css=\u00bb\u00bb link=\u00bburl:https%3A%2F%2Fwww.feyalegria.org%2Fvenezuela%2Fnoticias-enconfyanza%2F|target:_blank\u00bb][\/vc_column][vc_column width=\u00bb1\/5&#8243; alignment=\u00bbcenter\u00bb][vc_btn title=\u00bbP\u00e1gina principal\u00bb style=\u00bboutline-custom\u00bb outline_custom_color=\u00bb#c7662a\u00bb outline_custom_hover_background=\u00bb#c7662a\u00bb outline_custom_hover_text=\u00bb#ffffff\u00bb align=\u00bbcenter\u00bb css=\u00bb\u00bb link=\u00bburl:https%3A%2F%2Fwww.feyalegria.org%2Fvenezuela%2Ffe-y-alegria-educomunicacion%2F|title:Volver%20a%20la%20p%C3%A1gina%20principal|target:_blank\u00bb][\/vc_column][\/vc_row][vc_row][vc_column]<div style=\"background-color:;height: 30px\" class=\"nicdark_section  \"><\/div>[vc_column_text css=\u00bb\u00bb]Para m\u00e1s informaci\u00f3n ubica la oficina, radio o centro de EduComunicaci\u00f3n m\u00e1s cercano.[\/vc_column_text][\/vc_column][\/vc_row][vc_row content_placement=\u00bbmiddle\u00bb][vc_column alignment=\u00bbcenter\u00bb][vc_raw_html css=\u00bb\u00bb]JTNDaWZyYW1lJTIwc3JjJTNEJTIyaHR0cHMlM0ElMkYlMkZ3d3cuZ29vZ2xlLmNvbSUyRm1hcHMlMkZkJTJGZW1iZWQlM0ZtaWQlM0QxNmZKYXBCQU42Y3RQVEYxblgzUTV0OHA0NXN5SlFDZyUyNmVoYmMlM0QyRTMxMkYlMjIlMjB3aWR0aCUzRCUyMjExOTAlMjIlMjBoZWlnaHQlM0QlMjI2ODAlMjIlM0UlM0MlMkZpZnJhbWUlM0U=[\/vc_raw_html][\/vc_column][\/vc_row][vc_row][vc_column]<div style=\"background-color:;height: 50px\" class=\"nicdark_section  \"><\/div>[vc_column_text]<\/p>\n<h3 style=\"text-align: center;\">Hazte aliado de Fe y Alegr\u00eda<\/h3>\n<p>[\/vc_column_text][vc_row_inner][vc_column_inner width=\u00bb1\/12&#8243; alignment=\u00bbcenter\u00bb][\/vc_column_inner][vc_column_inner width=\u00bb1\/5&#8243; alignment=\u00bbcenter\u00bb][mvc_flip_box style=\u00bbvertical\u00bb border_st=\u00bbcustom_border\u00bb link_st=\u00bbcustom_link\u00bb info_opt=\u00bbshow_icon\u00bb size=\u00bb25&#8243; descrsize=\u00bb\u00bb front_bg=\u00bb#ffffff\u00bb border_clr=\u00bb#aa0f16&#8243; url=\u00bburl:https%3A%2F%2Fwww.feyalegria.org%2Fvenezuela%2Fdonar-en-venezuela%2F\u00bb url_txt=\u00bbAqu\u00ed\u00bb url_clr=\u00bb#aa0f16&#8243; url_bg=\u00bb#e4e4e4&#8243; font_icon=\u00bbfas fa-heart\u00bb icon_size=\u00bb60&#8243; icon_color=\u00bb#aa0f16&#8243; title=\u00bbDonar\u00bb color=\u00bb#aa0f16&#8243; bgcolor=\u00bb#aa0f16&#8243; border_width=\u00bb3&#8243;]<\/p>\n<h2 style=\"text-align: center;\"><span style=\"color: #ffffff; font-size: 18px;\">Tu aporte a la educaci\u00f3n<\/span><\/h2>\n<p>[\/mvc_flip_box][\/vc_column_inner][vc_column_inner width=\u00bb1\/12&#8243; alignment=\u00bbcenter\u00bb][\/vc_column_inner][vc_column_inner width=\u00bb1\/5&#8243;][mvc_flip_box style=\u00bbvertical\u00bb border_st=\u00bbcustom_border\u00bb link_st=\u00bbcustom_link\u00bb info_opt=\u00bbshow_icon\u00bb size=\u00bb25&#8243; descrsize=\u00bb\u00bb front_bg=\u00bb#ffffff\u00bb border_clr=\u00bb#aa0f16&#8243; url=\u00bburl:https%3A%2F%2Fwww.feyalegria.org%2Fvenezuela%2Fvoluntariado%2F\u00bb url_txt=\u00bbAqu\u00ed\u00bb url_clr=\u00bb#aa0f16&#8243; url_bg=\u00bb#e4e4e4&#8243; font_icon=\u00bbfas fa-sign-language\u00bb icon_size=\u00bb60&#8243; icon_color=\u00bb#aa0f16&#8243; title=\u00bbSer voluntario\u00bb color=\u00bb#aa0f16&#8243; bgcolor=\u00bb#aa0f16&#8243; border_width=\u00bb3&#8243;]<\/p>\n<h2 style=\"text-align: center;\"><span style=\"color: #ffffff; font-size: 18px;\">\u00danete por\u00a0 la educaci\u00f3n<\/span><\/h2>\n<p>[\/mvc_flip_box][\/vc_column_inner][vc_column_inner width=\u00bb1\/12&#8243;][\/vc_column_inner][vc_column_inner width=\u00bb1\/5&#8243;][mvc_flip_box style=\u00bbvertical\u00bb border_st=\u00bbcustom_border\u00bb link_st=\u00bbcustom_link\u00bb info_opt=\u00bbshow_icon\u00bb size=\u00bb25&#8243; descrsize=\u00bb\u00bb front_bg=\u00bb#ffffff\u00bb border_clr=\u00bb#aa0f16&#8243; url=\u00bburl:https%3A%2F%2Fwww.feyalegria.org%2Fvenezuela%2Fempresas-aliadas%2F\u00bb url_txt=\u00bbAqu\u00ed\u00bb url_clr=\u00bb#aa0f16&#8243; url_bg=\u00bb#e4e4e4&#8243; font_icon=\u00bbfas fa-american-sign-language-interpreting\u00bb icon_size=\u00bb60&#8243; icon_color=\u00bb#aa0f16&#8243; title=\u00bbEmpresas aliadas\u00bb color=\u00bb#aa0f16&#8243; bgcolor=\u00bb#aa0f16&#8243; border_width=\u00bb3&#8243;]<\/p>\n<h2 style=\"text-align: center;\"><span style=\"color: #ffffff; font-size: 18px;\">Hazte aliado por la educaci\u00f3n<\/span><\/h2>\n<p>[\/mvc_flip_box][\/vc_column_inner][vc_column_inner width=\u00bb1\/12&#8243;][\/vc_column_inner][\/vc_row_inner]<div style=\"background-color:;height: 50px\" class=\"nicdark_section  \"><\/div>[\/vc_column][\/vc_row]<\/p>\n<\/div>","protected":false},"excerpt":{"rendered":"<p>[vc_row full_width=\u00bbstretch_row_content\u00bb css=\u00bb.vc_custom_1721778500560{background-color: #aa0f16 !important;}\u00bb][vc_column][vc_column_text css=\u00bb\u00bb] Cont\u00e1ctanos [\/vc_column_text][\/vc_column][\/vc_row][vc_row full_width=\u00bbstretch_row_content\u00bb][vc_column][\/vc_column][\/vc_row][vc_row][vc_column width=\u00bb1\/5&#8243; css=\u00bb.vc_custom_1749589856794{margin-right: 20px !important;}\u00bb][vc_btn title=\u00bbFinanciamiento y gesti\u00f3n\u00bb style=\u00bboutline-custom\u00bb outline_custom_color=\u00bb#1b878f\u00bb outline_custom_hover_background=\u00bb#1b878f\u00bb outline_custom_hover_text=\u00bb#ffffff\u00bb align=\u00bbcenter\u00bb css=\u00bb\u00bb link=\u00bburl:https%3A%2F%2Fwww.feyalegria.org%2Fvenezuela%2Ffinanciamiento-y-gestion%2F|title:Financiamiento%20y%20gesti%C3%B3n|target:_blank\u00bb][\/vc_column][vc_column width=\u00bb1\/5&#8243; alignment=\u00bbcenter\u00bb][vc_btn title=\u00bbPreguntas frecuentes\u00bb style=\u00bboutline-custom\u00bb outline_custom_color=\u00bb#6f8c2b\u00bb outline_custom_hover_background=\u00bb#6f8c2b\u00bb outline_custom_hover_text=\u00bb#ffffff\u00bb align=\u00bbcenter\u00bb css=\u00bb\u00bb link=\u00bburl:https%3A%2F%2Fwww.feyalegria.org%2Fvenezuela%2Fpreguntas-frecuentes-2%2F|title:Preguntas%20frecuentes|target:_blank\u00bb][\/vc_column][vc_column width=\u00bb1\/5&#8243; alignment=\u00bbcenter\u00bb][vc_btn title=\u00bbEscuela Virtual\u00bb style=\u00bboutline-custom\u00bb outline_custom_color=\u00bb#a53580&#8243; outline_custom_hover_background=\u00bb#a53580&#8243; outline_custom_hover_text=\u00bb#ffffff\u00bb align=\u00bbcenter\u00bb css=\u00bb\u00bb link=\u00bburl:https%3A%2F%2Fescuelavirtual.feyalegria.org%2Faulas%2Fcourse%2Findex.php%3Fcategoryid%3D88|title:Cursos%20Pedagog%C3%ADa|target:_blank\u00bb][\/vc_column][vc_column width=\u00bb1\/5&#8243; alignment=\u00bbcenter\u00bb][vc_btn title=\u00bbEnConFyAnza\u00bb style=\u00bboutline-custom\u00bb outline_custom_color=\u00bb#d7ac14&#8243; outline_custom_hover_background=\u00bb#d7ac14&#8243; outline_custom_hover_text=\u00bb#ffffff\u00bb align=\u00bbcenter\u00bb css=\u00bb\u00bb link=\u00bburl:https%3A%2F%2Fwww.feyalegria.org%2Fvenezuela%2Fnoticias-enconfyanza%2F|target:_blank\u00bb][\/vc_column][vc_column<\/p>\n","protected":false},"author":47,"featured_media":0,"parent":0,"menu_order":0,"comment_status":"closed","ping_status":"closed","template":"","meta":{"_acf_changed":false,"footnotes":""},"folder":[],"class_list":["post-7667","page","type-page","status-publish","hentry"],"acf":[],"yoast_head":"<!-- This site is optimized with the Yoast SEO plugin v27.5 - https:\/\/yoast.com\/product\/yoast-seo-wordpress\/ -->\n<title>Cont\u00e1ctanos - Fe y Alegr\u00eda en Venezuela<\/title>\n<meta name=\"robots\" content=\"index, follow, max-snippet:-1, max-image-preview:large, max-video-preview:-1\" \/>\n<link rel=\"canonical\" href=\"https:\/\/www.feyalegria.org\/venezuela\/contactanos-2\/\" \/>\n<meta property=\"og:locale\" content=\"es_ES\" \/>\n<meta property=\"og:type\" content=\"article\" \/>\n<meta property=\"og:title\" content=\"Cont\u00e1ctanos - Fe y Alegr\u00eda en Venezuela\" \/>\n<meta property=\"og:description\" content=\"[vc_row full_width=\u00bbstretch_row_content\u00bb css=\u00bb.vc_custom_1721778500560{background-color: #aa0f16 !important;}\u00bb][vc_column][vc_column_text css=\u00bb\u00bb] Cont\u00e1ctanos [\/vc_column_text][\/vc_column][\/vc_row][vc_row full_width=\u00bbstretch_row_content\u00bb][vc_column][\/vc_column][\/vc_row][vc_row][vc_column width=\u00bb1\/5&#8243; css=\u00bb.vc_custom_1749589856794{margin-right: 20px !important;}\u00bb][vc_btn title=\u00bbFinanciamiento y gesti\u00f3n\u00bb style=\u00bboutline-custom\u00bb outline_custom_color=\u00bb#1b878f\u00bb outline_custom_hover_background=\u00bb#1b878f\u00bb outline_custom_hover_text=\u00bb#ffffff\u00bb align=\u00bbcenter\u00bb css=\u00bb\u00bb link=\u00bburl:https%3A%2F%2Fwww.feyalegria.org%2Fvenezuela%2Ffinanciamiento-y-gestion%2F|title:Financiamiento%20y%20gesti%C3%B3n|target:_blank\u00bb][\/vc_column][vc_column width=\u00bb1\/5&#8243; alignment=\u00bbcenter\u00bb][vc_btn title=\u00bbPreguntas frecuentes\u00bb style=\u00bboutline-custom\u00bb outline_custom_color=\u00bb#6f8c2b\u00bb outline_custom_hover_background=\u00bb#6f8c2b\u00bb outline_custom_hover_text=\u00bb#ffffff\u00bb align=\u00bbcenter\u00bb css=\u00bb\u00bb link=\u00bburl:https%3A%2F%2Fwww.feyalegria.org%2Fvenezuela%2Fpreguntas-frecuentes-2%2F|title:Preguntas%20frecuentes|target:_blank\u00bb][\/vc_column][vc_column width=\u00bb1\/5&#8243; alignment=\u00bbcenter\u00bb][vc_btn title=\u00bbEscuela Virtual\u00bb style=\u00bboutline-custom\u00bb outline_custom_color=\u00bb#a53580&#8243; outline_custom_hover_background=\u00bb#a53580&#8243; outline_custom_hover_text=\u00bb#ffffff\u00bb align=\u00bbcenter\u00bb css=\u00bb\u00bb link=\u00bburl:https%3A%2F%2Fescuelavirtual.feyalegria.org%2Faulas%2Fcourse%2Findex.php%3Fcategoryid%3D88|title:Cursos%20Pedagog%C3%ADa|target:_blank\u00bb][\/vc_column][vc_column width=\u00bb1\/5&#8243; alignment=\u00bbcenter\u00bb][vc_btn title=\u00bbEnConFyAnza\u00bb style=\u00bboutline-custom\u00bb outline_custom_color=\u00bb#d7ac14&#8243; outline_custom_hover_background=\u00bb#d7ac14&#8243; outline_custom_hover_text=\u00bb#ffffff\u00bb align=\u00bbcenter\u00bb css=\u00bb\u00bb link=\u00bburl:https%3A%2F%2Fwww.feyalegria.org%2Fvenezuela%2Fnoticias-enconfyanza%2F|target:_blank\u00bb][\/vc_column][vc_column\" \/>\n<meta property=\"og:url\" content=\"https:\/\/www.feyalegria.org\/venezuela\/contactanos-2\/\" \/>\n<meta property=\"og:site_name\" content=\"Fe y Alegr\u00eda en Venezuela\" \/>\n<meta property=\"article:modified_time\" content=\"2025-06-10T21:13:58+00:00\" \/>\n<meta name=\"twitter:card\" content=\"summary_large_image\" \/>\n<meta name=\"twitter:label1\" content=\"Tiempo de lectura\" \/>\n\t<meta name=\"twitter:data1\" content=\"1 minuto\" \/>\n<script type=\"application\/ld+json\" class=\"yoast-schema-graph\">{\"@context\":\"https:\\\/\\\/schema.org\",\"@graph\":[{\"@type\":\"WebPage\",\"@id\":\"https:\\\/\\\/www.feyalegria.org\\\/venezuela\\\/contactanos-2\\\/\",\"url\":\"https:\\\/\\\/www.feyalegria.org\\\/venezuela\\\/contactanos-2\\\/\",\"name\":\"Cont\u00e1ctanos - Fe y Alegr\u00eda en Venezuela\",\"isPartOf\":{\"@id\":\"https:\\\/\\\/www.feyalegria.org\\\/venezuela\\\/#website\"},\"datePublished\":\"2024-10-14T18:43:30+00:00\",\"dateModified\":\"2025-06-10T21:13:58+00:00\",\"inLanguage\":\"es\",\"potentialAction\":[{\"@type\":\"ReadAction\",\"target\":[\"https:\\\/\\\/www.feyalegria.org\\\/venezuela\\\/contactanos-2\\\/\"]}]},{\"@type\":\"WebSite\",\"@id\":\"https:\\\/\\\/www.feyalegria.org\\\/venezuela\\\/#website\",\"url\":\"https:\\\/\\\/www.feyalegria.org\\\/venezuela\\\/\",\"name\":\"Fe y Alegr\u00eda en Venezuela\",\"description\":\"\",\"potentialAction\":[{\"@type\":\"SearchAction\",\"target\":{\"@type\":\"EntryPoint\",\"urlTemplate\":\"https:\\\/\\\/www.feyalegria.org\\\/venezuela\\\/?s={search_term_string}\"},\"query-input\":{\"@type\":\"PropertyValueSpecification\",\"valueRequired\":true,\"valueName\":\"search_term_string\"}}],\"inLanguage\":\"es\"}]}<\/script>\n<!-- \/ Yoast SEO plugin. -->","yoast_head_json":{"title":"Cont\u00e1ctanos - Fe y Alegr\u00eda en Venezuela","robots":{"index":"index","follow":"follow","max-snippet":"max-snippet:-1","max-image-preview":"max-image-preview:large","max-video-preview":"max-video-preview:-1"},"canonical":"https:\/\/www.feyalegria.org\/venezuela\/contactanos-2\/","og_locale":"es_ES","og_type":"article","og_title":"Cont\u00e1ctanos - Fe y Alegr\u00eda en Venezuela","og_description":"[vc_row full_width=\u00bbstretch_row_content\u00bb css=\u00bb.vc_custom_1721778500560{background-color: #aa0f16 !important;}\u00bb][vc_column][vc_column_text css=\u00bb\u00bb] Cont\u00e1ctanos [\/vc_column_text][\/vc_column][\/vc_row][vc_row full_width=\u00bbstretch_row_content\u00bb][vc_column][\/vc_column][\/vc_row][vc_row][vc_column width=\u00bb1\/5&#8243; css=\u00bb.vc_custom_1749589856794{margin-right: 20px !important;}\u00bb][vc_btn title=\u00bbFinanciamiento y gesti\u00f3n\u00bb style=\u00bboutline-custom\u00bb outline_custom_color=\u00bb#1b878f\u00bb outline_custom_hover_background=\u00bb#1b878f\u00bb outline_custom_hover_text=\u00bb#ffffff\u00bb align=\u00bbcenter\u00bb css=\u00bb\u00bb link=\u00bburl:https%3A%2F%2Fwww.feyalegria.org%2Fvenezuela%2Ffinanciamiento-y-gestion%2F|title:Financiamiento%20y%20gesti%C3%B3n|target:_blank\u00bb][\/vc_column][vc_column width=\u00bb1\/5&#8243; alignment=\u00bbcenter\u00bb][vc_btn title=\u00bbPreguntas frecuentes\u00bb style=\u00bboutline-custom\u00bb outline_custom_color=\u00bb#6f8c2b\u00bb outline_custom_hover_background=\u00bb#6f8c2b\u00bb outline_custom_hover_text=\u00bb#ffffff\u00bb align=\u00bbcenter\u00bb css=\u00bb\u00bb link=\u00bburl:https%3A%2F%2Fwww.feyalegria.org%2Fvenezuela%2Fpreguntas-frecuentes-2%2F|title:Preguntas%20frecuentes|target:_blank\u00bb][\/vc_column][vc_column width=\u00bb1\/5&#8243; alignment=\u00bbcenter\u00bb][vc_btn title=\u00bbEscuela Virtual\u00bb style=\u00bboutline-custom\u00bb outline_custom_color=\u00bb#a53580&#8243; outline_custom_hover_background=\u00bb#a53580&#8243; outline_custom_hover_text=\u00bb#ffffff\u00bb align=\u00bbcenter\u00bb css=\u00bb\u00bb link=\u00bburl:https%3A%2F%2Fescuelavirtual.feyalegria.org%2Faulas%2Fcourse%2Findex.php%3Fcategoryid%3D88|title:Cursos%20Pedagog%C3%ADa|target:_blank\u00bb][\/vc_column][vc_column width=\u00bb1\/5&#8243; alignment=\u00bbcenter\u00bb][vc_btn title=\u00bbEnConFyAnza\u00bb style=\u00bboutline-custom\u00bb outline_custom_color=\u00bb#d7ac14&#8243; outline_custom_hover_background=\u00bb#d7ac14&#8243; outline_custom_hover_text=\u00bb#ffffff\u00bb align=\u00bbcenter\u00bb css=\u00bb\u00bb link=\u00bburl:https%3A%2F%2Fwww.feyalegria.org%2Fvenezuela%2Fnoticias-enconfyanza%2F|target:_blank\u00bb][\/vc_column][vc_column","og_url":"https:\/\/www.feyalegria.org\/venezuela\/contactanos-2\/","og_site_name":"Fe y Alegr\u00eda en Venezuela","article_modified_time":"2025-06-10T21:13:58+00:00","twitter_card":"summary_large_image","twitter_misc":{"Tiempo de lectura":"1 minuto"},"schema":{"@context":"https:\/\/schema.org","@graph":[{"@type":"WebPage","@id":"https:\/\/www.feyalegria.org\/venezuela\/contactanos-2\/","url":"https:\/\/www.feyalegria.org\/venezuela\/contactanos-2\/","name":"Cont\u00e1ctanos - Fe y Alegr\u00eda en Venezuela","isPartOf":{"@id":"https:\/\/www.feyalegria.org\/venezuela\/#website"},"datePublished":"2024-10-14T18:43:30+00:00","dateModified":"2025-06-10T21:13:58+00:00","inLanguage":"es","potentialAction":[{"@type":"ReadAction","target":["https:\/\/www.feyalegria.org\/venezuela\/contactanos-2\/"]}]},{"@type":"WebSite","@id":"https:\/\/www.feyalegria.org\/venezuela\/#website","url":"https:\/\/www.feyalegria.org\/venezuela\/","name":"Fe y Alegr\u00eda en Venezuela","description":"","potentialAction":[{"@type":"SearchAction","target":{"@type":"EntryPoint","urlTemplate":"https:\/\/www.feyalegria.org\/venezuela\/?s={search_term_string}"},"query-input":{"@type":"PropertyValueSpecification","valueRequired":true,"valueName":"search_term_string"}}],"inLanguage":"es"}]}},"_links":{"self":[{"href":"https:\/\/www.feyalegria.org\/venezuela\/wp-json\/wp\/v2\/pages\/7667","targetHints":{"allow":["GET"]}}],"collection":[{"href":"https:\/\/www.feyalegria.org\/venezuela\/wp-json\/wp\/v2\/pages"}],"about":[{"href":"https:\/\/www.feyalegria.org\/venezuela\/wp-json\/wp\/v2\/types\/page"}],"author":[{"embeddable":true,"href":"https:\/\/www.feyalegria.org\/venezuela\/wp-json\/wp\/v2\/users\/47"}],"replies":[{"embeddable":true,"href":"https:\/\/www.feyalegria.org\/venezuela\/wp-json\/wp\/v2\/comments?post=7667"}],"version-history":[{"count":0,"href":"https:\/\/www.feyalegria.org\/venezuela\/wp-json\/wp\/v2\/pages\/7667\/revisions"}],"wp:attachment":[{"href":"https:\/\/www.feyalegria.org\/venezuela\/wp-json\/wp\/v2\/media?parent=7667"}],"wp:term":[{"taxonomy":"folder","embeddable":true,"href":"https:\/\/www.feyalegria.org\/venezuela\/wp-json\/wp\/v2\/folder?post=7667"}],"curies":[{"name":"wp","href":"https:\/\/api.w.org\/{rel}","templated":true}]}}