 {"id":7894,"date":"2024-10-29T22:17:10","date_gmt":"2024-10-29T22:17:10","guid":{"rendered":"https:\/\/www.feyalegria.org\/venezuela\/?page_id=7894"},"modified":"2025-08-04T15:07:01","modified_gmt":"2025-08-04T15:07:01","slug":"boletin-enconfyanza-edicion-especial","status":"publish","type":"page","link":"https:\/\/www.feyalegria.org\/venezuela\/boletin-enconfyanza-edicion-especial\/","title":{"rendered":"Bolet\u00edn EnconFyAnza Edici\u00f3n Especial"},"content":{"rendered":"<div class=\"wpb-content-wrapper\"><p>[vc_row][vc_column]<div style=\"background-color:;height: 40px\" class=\"nicdark_section  \"><\/div>[vc_single_image image=\u00bb7892&#8243; img_size=\u00bbfull\u00bb alignment=\u00bbcenter\u00bb css=\u00bb\u00bb][\/vc_column][\/vc_row][vc_row equal_height=\u00bbyes\u00bb css=\u00bb.vc_custom_1749827960591{border-top-width: 5px !important;border-right-width: 5px !important;border-bottom-width: 5px !important;border-left-width: 5px !important;border-left-style: initial !important;border-right-style: initial !important;border-top-style: initial !important;border-bottom-style: initial !important;border-color: #AA0F16 !important;}\u00bb][vc_column css=\u00bb.vc_custom_1747189190520{margin-top: -20px !important;margin-bottom: -20px !important;}\u00bb][vc_column_text css=\u00bb\u00bb]<\/p>\n<h2 style=\"color: #aa0f16; text-align: left;\"><strong>2025<\/strong><\/h2>\n<p>[\/vc_column_text][\/vc_column][\/vc_row][vc_row][vc_column width=\u00bb1\/4&#8243; alignment=\u00bbcenter\u00bb]<div id=\"mpc_accordion-3769d290bef0dee\" class=\"mpc-accordion mpc-init mpc-transition \" ><ul class=\"mpc-accordion__content\"><li class=\"mpc-accordion__item \"><div class=\"mpc-accordion-item__heading mpc-transition mpc-active mpc-typography--preset_1\"><div data-id=\"mpc_icon-9469d290bef0d9a\" class=\"mpc-icon mpc-init mpc-transition mpc-effect-none \"><div class=\"mpc-icon-wrap\"><i class=\"mpc-icon-part mpc-regular mpc-transition \"><\/i><\/div><\/div><h3>Marzo<\/h3><\/div><div class=\"mpc-accordion-item__content mpc-container\"  data-active=\"true\"><div class=\"mpc-accordion-item__wrapper\"><div style=\"background-color:;height: 25px\" class=\"nicdark_section  \"><\/div>[vc_single_image image=\u00bb9652&#8243; img_size=\u00bbfull\u00bb alignment=\u00bbcenter\u00bb style=\u00bbvc_box_rounded\u00bb onclick=\u00bbcustom_link\u00bb img_link_target=\u00bb_blank\u00bb css=\u00bb.vc_custom_1745863328525{margin-top: 15px !important;margin-bottom: 10px !important;}\u00bb link=\u00bbhttps:\/\/mailchi.mp\/feyalegria.edu.ve\/enconfyanza-46&#8243;]<div style=\"background-color:;height: 45px\" class=\"nicdark_section  \"><\/div><\/div><\/div><\/li><\/ul><\/div>[\/vc_column][vc_column width=\u00bb1\/4&#8243; alignment=\u00bbcenter\u00bb]<div id=\"mpc_accordion-7669d290bef113a\" class=\"mpc-accordion mpc-init mpc-transition \" ><ul class=\"mpc-accordion__content\"><li class=\"mpc-accordion__item \"><div class=\"mpc-accordion-item__heading mpc-transition mpc-active mpc-typography--preset_1\"><div data-id=\"mpc_icon-1069d290bef10e8\" class=\"mpc-icon mpc-init mpc-transition mpc-effect-none \"><div class=\"mpc-icon-wrap\"><i class=\"mpc-icon-part mpc-regular mpc-transition \"><\/i><\/div><\/div><h3>Abril<\/h3><\/div><div class=\"mpc-accordion-item__content mpc-container\"  data-active=\"true\"><div class=\"mpc-accordion-item__wrapper\"><div style=\"background-color:;height: 25px\" class=\"nicdark_section  \"><\/div>[vc_single_image image=\u00bb9653&#8243; img_size=\u00bbfull\u00bb alignment=\u00bbcenter\u00bb style=\u00bbvc_box_rounded\u00bb onclick=\u00bbcustom_link\u00bb img_link_target=\u00bb_blank\u00bb css=\u00bb.vc_custom_1745866053108{margin-top: 15px !important;margin-bottom: 10px !important;}\u00bb link=\u00bbhttps:\/\/mailchi.mp\/feyalegria.edu.ve\/llega-la-gran-rifa-fe-y-alegra\u00bb]<div style=\"background-color:;height: 45px\" class=\"nicdark_section  \"><\/div><\/div><\/div><\/li><\/ul><\/div>[\/vc_column][vc_column width=\u00bb1\/4&#8243; alignment=\u00bbcenter\u00bb]<div id=\"mpc_accordion-3769d290bef13ef\" class=\"mpc-accordion mpc-init mpc-transition \" ><ul class=\"mpc-accordion__content\"><li class=\"mpc-accordion__item \"><div class=\"mpc-accordion-item__heading mpc-transition mpc-active mpc-typography--preset_1\"><div data-id=\"mpc_icon-8269d290bef13b0\" class=\"mpc-icon mpc-init mpc-transition mpc-effect-none \"><div class=\"mpc-icon-wrap\"><i class=\"mpc-icon-part mpc-regular mpc-transition \"><\/i><\/div><\/div><h3>Mayo<\/h3><\/div><div class=\"mpc-accordion-item__content mpc-container\"  data-active=\"true\"><div class=\"mpc-accordion-item__wrapper\"><div style=\"background-color:;height: 25px\" class=\"nicdark_section  \"><\/div>[vc_single_image image=\u00bb10932&#8243; img_size=\u00bbfull\u00bb alignment=\u00bbcenter\u00bb style=\u00bbvc_box_rounded\u00bb onclick=\u00bbcustom_link\u00bb img_link_target=\u00bb_blank\u00bb css=\u00bb.vc_custom_1754319983994{margin-top: 15px !important;margin-bottom: 10px !important;}\u00bb link=\u00bbhttps:\/\/mailchi.mp\/feyalegria.edu.ve\/boletin-enconfyanza-52&#8243;]<div style=\"background-color:;height: 45px\" class=\"nicdark_section  \"><\/div><\/div><\/div><\/li><\/ul><\/div>[\/vc_column][vc_column width=\u00bb1\/4&#8243;]<div id=\"mpc_accordion-2269d290bef168c\" class=\"mpc-accordion mpc-init mpc-transition \" ><ul class=\"mpc-accordion__content\"><li class=\"mpc-accordion__item \"><div class=\"mpc-accordion-item__heading mpc-transition mpc-active mpc-typography--preset_1\"><div data-id=\"mpc_icon-469d290bef164d\" class=\"mpc-icon mpc-init mpc-transition mpc-effect-none \"><div class=\"mpc-icon-wrap\"><i class=\"mpc-icon-part mpc-regular mpc-transition \"><\/i><\/div><\/div><h3>Junio<\/h3><\/div><div class=\"mpc-accordion-item__content mpc-container\"  data-active=\"true\"><div class=\"mpc-accordion-item__wrapper\"><div style=\"background-color:;height: 25px\" class=\"nicdark_section  \"><\/div>[vc_single_image image=\u00bb10931&#8243; img_size=\u00bbfull\u00bb alignment=\u00bbcenter\u00bb style=\u00bbvc_box_rounded\u00bb onclick=\u00bbcustom_link\u00bb img_link_target=\u00bb_blank\u00bb css=\u00bb.vc_custom_1754319927192{margin-top: 15px !important;margin-bottom: 10px !important;}\u00bb link=\u00bbhttps:\/\/mailchi.mp\/feyalegria.edu.ve\/boletin-enconfyanza-ganadores-gran-rifa-fe-y-alegria-2025&#8243;]<div style=\"background-color:;height: 45px\" class=\"nicdark_section  \"><\/div><\/div><\/div><\/li><\/ul><\/div>[\/vc_column][\/vc_row][vc_row][vc_column]<div style=\"background-color:;height: 25px\" class=\"nicdark_section  \"><\/div>[\/vc_column][\/vc_row][vc_row equal_height=\u00bbyes\u00bb css=\u00bb.vc_custom_1749827960591{border-top-width: 5px !important;border-right-width: 5px !important;border-bottom-width: 5px !important;border-left-width: 5px !important;border-left-style: initial !important;border-right-style: initial !important;border-top-style: initial !important;border-bottom-style: initial !important;border-color: #AA0F16 !important;}\u00bb][vc_column css=\u00bb.vc_custom_1747189190520{margin-top: -20px !important;margin-bottom: -20px !important;}\u00bb][vc_column_text css=\u00bb\u00bb]<\/p>\n<h2 style=\"color: #aa0f16; text-align: left;\"><strong>2024<\/strong><\/h2>\n<p>[\/vc_column_text][\/vc_column][\/vc_row][vc_row][vc_column width=\u00bb1\/4&#8243; alignment=\u00bbcenter\u00bb]<div id=\"mpc_accordion-6069d290bef19ce\" class=\"mpc-accordion mpc-init mpc-transition \" ><ul class=\"mpc-accordion__content\"><li class=\"mpc-accordion__item \"><div class=\"mpc-accordion-item__heading mpc-transition mpc-active mpc-typography--preset_1\"><div data-id=\"mpc_icon-7569d290bef198e\" class=\"mpc-icon mpc-init mpc-transition mpc-effect-none \"><div class=\"mpc-icon-wrap\"><i class=\"mpc-icon-part mpc-regular mpc-transition \"><\/i><\/div><\/div><h3>Septiembre<\/h3><\/div><div class=\"mpc-accordion-item__content mpc-container\"  data-active=\"true\"><div class=\"mpc-accordion-item__wrapper\"><div style=\"background-color:;height: 25px\" class=\"nicdark_section  \"><\/div>[vc_single_image image=\u00bb7903&#8243; img_size=\u00bbfull\u00bb alignment=\u00bbcenter\u00bb style=\u00bbvc_box_rounded\u00bb onclick=\u00bbcustom_link\u00bb img_link_target=\u00bb_blank\u00bb css=\u00bb.vc_custom_1730240033745{margin-top: 15px !important;margin-bottom: 10px !important;}\u00bb link=\u00bbhttps:\/\/mailchi.mp\/feyalegria\/boletinenconfyanza-edicion-especial-1&#8243;]<div style=\"background-color:;height: 45px\" class=\"nicdark_section  \"><\/div><\/div><\/div><\/li><\/ul><\/div>[\/vc_column][vc_column width=\u00bb1\/4&#8243; alignment=\u00bbcenter\u00bb]<div id=\"mpc_accordion-7669d290bef1c55\" class=\"mpc-accordion mpc-init mpc-transition \" ><ul class=\"mpc-accordion__content\"><li class=\"mpc-accordion__item \"><div class=\"mpc-accordion-item__heading mpc-transition mpc-active mpc-typography--preset_1\"><div data-id=\"mpc_icon-8969d290bef1c18\" class=\"mpc-icon mpc-init mpc-transition mpc-effect-none \"><div class=\"mpc-icon-wrap\"><i class=\"mpc-icon-part mpc-regular mpc-transition \"><\/i><\/div><\/div><h3>Octubre<\/h3><\/div><div class=\"mpc-accordion-item__content mpc-container\"  data-active=\"true\"><div class=\"mpc-accordion-item__wrapper\"><div style=\"background-color:;height: 25px\" class=\"nicdark_section  \"><\/div>[vc_single_image image=\u00bb7902&#8243; img_size=\u00bbfull\u00bb alignment=\u00bbcenter\u00bb style=\u00bbvc_box_rounded\u00bb onclick=\u00bbcustom_link\u00bb img_link_target=\u00bb_blank\u00bb css=\u00bb.vc_custom_1730240142469{margin-top: 15px !important;margin-bottom: 10px !important;}\u00bb link=\u00bbhttps:\/\/mailchi.mp\/feyalegria\/boletinenconfyanza-edicion-especial-2&#8243;]<div style=\"background-color:;height: 45px\" class=\"nicdark_section  \"><\/div><\/div><\/div><\/li><\/ul><\/div>[\/vc_column][vc_column width=\u00bb1\/4&#8243; alignment=\u00bbcenter\u00bb]<div id=\"mpc_accordion-9469d290bef1eee\" class=\"mpc-accordion mpc-init mpc-transition \" ><ul class=\"mpc-accordion__content\"><li class=\"mpc-accordion__item \"><div class=\"mpc-accordion-item__heading mpc-transition mpc-active mpc-typography--preset_1\"><div data-id=\"mpc_icon-7069d290bef1eb0\" class=\"mpc-icon mpc-init mpc-transition mpc-effect-none \"><div class=\"mpc-icon-wrap\"><i class=\"mpc-icon-part mpc-regular mpc-transition \"><\/i><\/div><\/div><h3>Noviembre<\/h3><\/div><div class=\"mpc-accordion-item__content mpc-container\"  data-active=\"true\"><div class=\"mpc-accordion-item__wrapper\"><div style=\"background-color:;height: 25px\" class=\"nicdark_section  \"><\/div>[vc_single_image image=\u00bb8127&#8243; img_size=\u00bbfull\u00bb alignment=\u00bbcenter\u00bb style=\u00bbvc_box_rounded\u00bb onclick=\u00bbcustom_link\u00bb img_link_target=\u00bb_blank\u00bb css=\u00bb.vc_custom_1732021509357{margin-top: 15px !important;margin-bottom: 10px !important;}\u00bb link=\u00bbhttps:\/\/us22.campaign-archive.com\/?u=008f9445a80d27c4a721d47f9&amp;id=6422d84624&#8243;]<div style=\"background-color:;height: 45px\" class=\"nicdark_section  \"><\/div><\/div><\/div><\/li><\/ul><\/div>[\/vc_column][vc_column width=\u00bb1\/4&#8243;]<div id=\"mpc_accordion-8569d290bef2179\" class=\"mpc-accordion mpc-init mpc-transition \" ><ul class=\"mpc-accordion__content\"><li class=\"mpc-accordion__item \"><div class=\"mpc-accordion-item__heading mpc-transition mpc-active mpc-typography--preset_1\"><div data-id=\"mpc_icon-4869d290bef213c\" class=\"mpc-icon mpc-init mpc-transition mpc-effect-none \"><div class=\"mpc-icon-wrap\"><i class=\"mpc-icon-part mpc-regular mpc-transition \"><\/i><\/div><\/div><h3>Diciembre<\/h3><\/div><div class=\"mpc-accordion-item__content mpc-container\"  data-active=\"true\"><div class=\"mpc-accordion-item__wrapper\"><div style=\"background-color:;height: 25px\" class=\"nicdark_section  \"><\/div>[vc_single_image image=\u00bb8965&#8243; img_size=\u00bbfull\u00bb alignment=\u00bbcenter\u00bb style=\u00bbvc_box_rounded\u00bb onclick=\u00bbcustom_link\u00bb img_link_target=\u00bb_blank\u00bb css=\u00bb.vc_custom_1739367732557{margin-top: 15px !important;margin-bottom: 10px !important;}\u00bb link=\u00bbhttps:\/\/mailchi.mp\/feyalegria.edu.ve\/boletinenconfyanza-edicion-especial-4&#8243;]<div style=\"background-color:;height: 45px\" class=\"nicdark_section  \"><\/div><\/div><\/div><\/li><\/ul><\/div>[\/vc_column][\/vc_row][vc_row][vc_column]<div style=\"background-color:;height: 100px\" class=\"nicdark_section  \"><\/div>[\/vc_column][\/vc_row][vc_row][vc_column]<div style=\"background-color:;height: 50px\" class=\"nicdark_section  \"><\/div>[\/vc_column][\/vc_row]<\/p>\n<\/div>","protected":false},"excerpt":{"rendered":"<p>[vc_row][vc_column][vc_single_image image=\u00bb7892&#8243; img_size=\u00bbfull\u00bb alignment=\u00bbcenter\u00bb css=\u00bb\u00bb][\/vc_column][\/vc_row][vc_row equal_height=\u00bbyes\u00bb css=\u00bb.vc_custom_1749827960591{border-top-width: 5px !important;border-right-width: 5px !important;border-bottom-width: 5px !important;border-left-width: 5px !important;border-left-style: initial !important;border-right-style: initial !important;border-top-style: initial !important;border-bottom-style: initial !important;border-color: #AA0F16 !important;}\u00bb][vc_column css=\u00bb.vc_custom_1747189190520{margin-top: -20px !important;margin-bottom: -20px !important;}\u00bb][vc_column_text css=\u00bb\u00bb] 2025 [\/vc_column_text][\/vc_column][\/vc_row][vc_row][vc_column width=\u00bb1\/4&#8243; alignment=\u00bbcenter\u00bb][\/vc_column][vc_column width=\u00bb1\/4&#8243; alignment=\u00bbcenter\u00bb][\/vc_column][vc_column width=\u00bb1\/4&#8243; alignment=\u00bbcenter\u00bb][\/vc_column][vc_column width=\u00bb1\/4&#8243;][\/vc_column][\/vc_row][vc_row][vc_column][\/vc_column][\/vc_row][vc_row equal_height=\u00bbyes\u00bb css=\u00bb.vc_custom_1749827960591{border-top-width: 5px !important;border-right-width: 5px !important;border-bottom-width: 5px !important;border-left-width: 5px !important;border-left-style: initial !important;border-right-style: initial !important;border-top-style: initial<\/p>\n","protected":false},"author":6,"featured_media":5089,"parent":0,"menu_order":0,"comment_status":"closed","ping_status":"closed","template":"","meta":{"_acf_changed":false,"footnotes":""},"folder":[],"class_list":["post-7894","page","type-page","status-publish","has-post-thumbnail","hentry"],"acf":[],"yoast_head":"<!-- This site is optimized with the Yoast SEO plugin v27.2 - https:\/\/yoast.com\/product\/yoast-seo-wordpress\/ -->\n<title>Bolet\u00edn EnconFyAnza Edici\u00f3n Especial - Fe y Alegr\u00eda en Venezuela<\/title>\n<meta name=\"description\" content=\"Bolet\u00edn EnConFyAnza noticias e informaciones de escuela, capacitaci\u00f3n, educomunicaci\u00f3n y universidades de Fe y Alegr\u00eda en Venezuela\" \/>\n<meta name=\"robots\" content=\"index, follow, max-snippet:-1, max-image-preview:large, max-video-preview:-1\" \/>\n<link rel=\"canonical\" href=\"https:\/\/www.feyalegria.org\/venezuela\/boletin-enconfyanza-edicion-especial\/\" \/>\n<meta property=\"og:locale\" content=\"es_ES\" \/>\n<meta property=\"og:type\" content=\"article\" \/>\n<meta property=\"og:title\" content=\"Bolet\u00edn EnconFyAnza Edici\u00f3n Especial - Fe y Alegr\u00eda en Venezuela\" \/>\n<meta property=\"og:description\" content=\"Bolet\u00edn EnConFyAnza noticias e informaciones de escuela, capacitaci\u00f3n, educomunicaci\u00f3n y universidades de Fe y Alegr\u00eda en Venezuela\" \/>\n<meta property=\"og:url\" content=\"https:\/\/www.feyalegria.org\/venezuela\/boletin-enconfyanza-edicion-especial\/\" \/>\n<meta property=\"og:site_name\" content=\"Fe y Alegr\u00eda en Venezuela\" \/>\n<meta property=\"article:modified_time\" content=\"2025-08-04T15:07:01+00:00\" \/>\n<meta property=\"og:image\" content=\"https:\/\/d3pugrm67vf9n7.cloudfront.net\/wp-content\/uploads\/sites\/4\/2024\/02\/28193604\/fya-isotipo-color-web-2024.png\" \/>\n\t<meta property=\"og:image:width\" content=\"250\" \/>\n\t<meta property=\"og:image:height\" content=\"254\" \/>\n\t<meta property=\"og:image:type\" content=\"image\/png\" \/>\n<meta name=\"twitter:card\" content=\"summary_large_image\" \/>\n<meta name=\"twitter:label1\" content=\"Tiempo de lectura\" \/>\n\t<meta name=\"twitter:data1\" content=\"4 minutos\" \/>\n<script type=\"application\/ld+json\" class=\"yoast-schema-graph\">{\"@context\":\"https:\/\/schema.org\",\"@graph\":[{\"@type\":\"WebPage\",\"@id\":\"https:\/\/www.feyalegria.org\/venezuela\/boletin-enconfyanza-edicion-especial\/\",\"url\":\"https:\/\/www.feyalegria.org\/venezuela\/boletin-enconfyanza-edicion-especial\/\",\"name\":\"Bolet\u00edn EnconFyAnza Edici\u00f3n Especial - Fe y Alegr\u00eda en Venezuela\",\"isPartOf\":{\"@id\":\"https:\/\/www.feyalegria.org\/venezuela\/#website\"},\"primaryImageOfPage\":{\"@id\":\"https:\/\/www.feyalegria.org\/venezuela\/boletin-enconfyanza-edicion-especial\/#primaryimage\"},\"image\":{\"@id\":\"https:\/\/www.feyalegria.org\/venezuela\/boletin-enconfyanza-edicion-especial\/#primaryimage\"},\"thumbnailUrl\":\"https:\/\/d3pugrm67vf9n7.cloudfront.net\/wp-content\/uploads\/sites\/4\/2024\/02\/28193604\/fya-isotipo-color-web-2024.png\",\"datePublished\":\"2024-10-29T22:17:10+00:00\",\"dateModified\":\"2025-08-04T15:07:01+00:00\",\"description\":\"Bolet\u00edn EnConFyAnza noticias e informaciones de escuela, capacitaci\u00f3n, educomunicaci\u00f3n y universidades de Fe y Alegr\u00eda en Venezuela\",\"inLanguage\":\"es\",\"potentialAction\":[{\"@type\":\"ReadAction\",\"target\":[\"https:\/\/www.feyalegria.org\/venezuela\/boletin-enconfyanza-edicion-especial\/\"]}]},{\"@type\":\"ImageObject\",\"inLanguage\":\"es\",\"@id\":\"https:\/\/www.feyalegria.org\/venezuela\/boletin-enconfyanza-edicion-especial\/#primaryimage\",\"url\":\"https:\/\/d3pugrm67vf9n7.cloudfront.net\/wp-content\/uploads\/sites\/4\/2024\/02\/28193604\/fya-isotipo-color-web-2024.png\",\"contentUrl\":\"https:\/\/d3pugrm67vf9n7.cloudfront.net\/wp-content\/uploads\/sites\/4\/2024\/02\/28193604\/fya-isotipo-color-web-2024.png\",\"width\":250,\"height\":254,\"caption\":\"Bolet\u00edn En ConFyAnza\"},{\"@type\":\"WebSite\",\"@id\":\"https:\/\/www.feyalegria.org\/venezuela\/#website\",\"url\":\"https:\/\/www.feyalegria.org\/venezuela\/\",\"name\":\"Fe y Alegr\u00eda en Venezuela\",\"description\":\"\",\"potentialAction\":[{\"@type\":\"SearchAction\",\"target\":{\"@type\":\"EntryPoint\",\"urlTemplate\":\"https:\/\/www.feyalegria.org\/venezuela\/?s={search_term_string}\"},\"query-input\":{\"@type\":\"PropertyValueSpecification\",\"valueRequired\":true,\"valueName\":\"search_term_string\"}}],\"inLanguage\":\"es\"}]}<\/script>\n<!-- \/ Yoast SEO plugin. -->","yoast_head_json":{"title":"Bolet\u00edn EnconFyAnza Edici\u00f3n Especial - Fe y Alegr\u00eda en Venezuela","description":"Bolet\u00edn EnConFyAnza noticias e informaciones de escuela, capacitaci\u00f3n, educomunicaci\u00f3n y universidades de Fe y Alegr\u00eda en Venezuela","robots":{"index":"index","follow":"follow","max-snippet":"max-snippet:-1","max-image-preview":"max-image-preview:large","max-video-preview":"max-video-preview:-1"},"canonical":"https:\/\/www.feyalegria.org\/venezuela\/boletin-enconfyanza-edicion-especial\/","og_locale":"es_ES","og_type":"article","og_title":"Bolet\u00edn EnconFyAnza Edici\u00f3n Especial - Fe y Alegr\u00eda en Venezuela","og_description":"Bolet\u00edn EnConFyAnza noticias e informaciones de escuela, capacitaci\u00f3n, educomunicaci\u00f3n y universidades de Fe y Alegr\u00eda en Venezuela","og_url":"https:\/\/www.feyalegria.org\/venezuela\/boletin-enconfyanza-edicion-especial\/","og_site_name":"Fe y Alegr\u00eda en Venezuela","article_modified_time":"2025-08-04T15:07:01+00:00","og_image":[{"width":250,"height":254,"url":"https:\/\/d3pugrm67vf9n7.cloudfront.net\/wp-content\/uploads\/sites\/4\/2024\/02\/28193604\/fya-isotipo-color-web-2024.png","type":"image\/png"}],"twitter_card":"summary_large_image","twitter_misc":{"Tiempo de lectura":"4 minutos"},"schema":{"@context":"https:\/\/schema.org","@graph":[{"@type":"WebPage","@id":"https:\/\/www.feyalegria.org\/venezuela\/boletin-enconfyanza-edicion-especial\/","url":"https:\/\/www.feyalegria.org\/venezuela\/boletin-enconfyanza-edicion-especial\/","name":"Bolet\u00edn EnconFyAnza Edici\u00f3n Especial - Fe y Alegr\u00eda en Venezuela","isPartOf":{"@id":"https:\/\/www.feyalegria.org\/venezuela\/#website"},"primaryImageOfPage":{"@id":"https:\/\/www.feyalegria.org\/venezuela\/boletin-enconfyanza-edicion-especial\/#primaryimage"},"image":{"@id":"https:\/\/www.feyalegria.org\/venezuela\/boletin-enconfyanza-edicion-especial\/#primaryimage"},"thumbnailUrl":"https:\/\/d3pugrm67vf9n7.cloudfront.net\/wp-content\/uploads\/sites\/4\/2024\/02\/28193604\/fya-isotipo-color-web-2024.png","datePublished":"2024-10-29T22:17:10+00:00","dateModified":"2025-08-04T15:07:01+00:00","description":"Bolet\u00edn EnConFyAnza noticias e informaciones de escuela, capacitaci\u00f3n, educomunicaci\u00f3n y universidades de Fe y Alegr\u00eda en Venezuela","inLanguage":"es","potentialAction":[{"@type":"ReadAction","target":["https:\/\/www.feyalegria.org\/venezuela\/boletin-enconfyanza-edicion-especial\/"]}]},{"@type":"ImageObject","inLanguage":"es","@id":"https:\/\/www.feyalegria.org\/venezuela\/boletin-enconfyanza-edicion-especial\/#primaryimage","url":"https:\/\/d3pugrm67vf9n7.cloudfront.net\/wp-content\/uploads\/sites\/4\/2024\/02\/28193604\/fya-isotipo-color-web-2024.png","contentUrl":"https:\/\/d3pugrm67vf9n7.cloudfront.net\/wp-content\/uploads\/sites\/4\/2024\/02\/28193604\/fya-isotipo-color-web-2024.png","width":250,"height":254,"caption":"Bolet\u00edn En ConFyAnza"},{"@type":"WebSite","@id":"https:\/\/www.feyalegria.org\/venezuela\/#website","url":"https:\/\/www.feyalegria.org\/venezuela\/","name":"Fe y Alegr\u00eda en Venezuela","description":"","potentialAction":[{"@type":"SearchAction","target":{"@type":"EntryPoint","urlTemplate":"https:\/\/www.feyalegria.org\/venezuela\/?s={search_term_string}"},"query-input":{"@type":"PropertyValueSpecification","valueRequired":true,"valueName":"search_term_string"}}],"inLanguage":"es"}]}},"_links":{"self":[{"href":"https:\/\/www.feyalegria.org\/venezuela\/wp-json\/wp\/v2\/pages\/7894","targetHints":{"allow":["GET"]}}],"collection":[{"href":"https:\/\/www.feyalegria.org\/venezuela\/wp-json\/wp\/v2\/pages"}],"about":[{"href":"https:\/\/www.feyalegria.org\/venezuela\/wp-json\/wp\/v2\/types\/page"}],"author":[{"embeddable":true,"href":"https:\/\/www.feyalegria.org\/venezuela\/wp-json\/wp\/v2\/users\/6"}],"replies":[{"embeddable":true,"href":"https:\/\/www.feyalegria.org\/venezuela\/wp-json\/wp\/v2\/comments?post=7894"}],"version-history":[{"count":3,"href":"https:\/\/www.feyalegria.org\/venezuela\/wp-json\/wp\/v2\/pages\/7894\/revisions"}],"predecessor-version":[{"id":10933,"href":"https:\/\/www.feyalegria.org\/venezuela\/wp-json\/wp\/v2\/pages\/7894\/revisions\/10933"}],"wp:featuredmedia":[{"embeddable":true,"href":"https:\/\/www.feyalegria.org\/venezuela\/wp-json\/wp\/v2\/media\/5089"}],"wp:attachment":[{"href":"https:\/\/www.feyalegria.org\/venezuela\/wp-json\/wp\/v2\/media?parent=7894"}],"wp:term":[{"taxonomy":"folder","embeddable":true,"href":"https:\/\/www.feyalegria.org\/venezuela\/wp-json\/wp\/v2\/folder?post=7894"}],"curies":[{"name":"wp","href":"https:\/\/api.w.org\/{rel}","templated":true}]}}