 {"id":8600,"date":"2024-12-19T00:44:49","date_gmt":"2024-12-19T00:44:49","guid":{"rendered":"https:\/\/www.feyalegria.org\/venezuela\/?page_id=8600"},"modified":"2025-05-19T19:41:48","modified_gmt":"2025-05-19T19:41:48","slug":"capacitacion-insercion-laboral","status":"publish","type":"page","link":"https:\/\/www.feyalegria.org\/venezuela\/capacitacion-insercion-laboral\/","title":{"rendered":"Capacitaci\u00f3n inserci\u00f3n laboral"},"content":{"rendered":"<div class=\"wpb-content-wrapper\"><p>[vc_row][vc_column]\n\t\t\t<!-- START Slider 1 REVOLUTION SLIDER 6.7.40 --><p class=\"rs-p-wp-fix\"><\/p>\n\t\t\t<rs-module-wrap id=\"rev_slider_8_1_wrapper\" data-source=\"gallery\" style=\"visibility:hidden;background:transparent;padding:0;margin:0px auto;margin-top:0;margin-bottom:0;\">\n\t\t\t\t<rs-module id=\"rev_slider_8_1\" style=\"\" data-version=\"6.7.40\">\n\t\t\t\t\t<rs-slides style=\"overflow: hidden; position: absolute;\">\n\t\t\t\t\t\t<rs-slide style=\"position: absolute;\" data-key=\"rs-65\" data-title=\"Slide\" data-in=\"o:0;\" data-out=\"a:false;\">\n\t\t\t\t\t\t\t<img decoding=\"async\" src=\"\/\/www.feyalegria.org\/venezuela\/wp-content\/plugins\/revslider\/sr6\/assets\/assets\/dummy.png\" alt=\"\" title=\"Slide capacitaci\u00f3n\" width=\"1240\" height=\"480\" class=\"rev-slidebg tp-rs-img rs-lazyload\" data-lazyload=\"\/\/d3pugrm67vf9n7.cloudfront.net\/wp-content\/uploads\/sites\/4\/2024\/09\/23195105\/Slide-capacitacion-.png\" data-no-retina>\n<!---->\t\t\t\t\t<\/rs-slide>\n\t\t\t\t\t<\/rs-slides>\n\t\t\t\t<\/rs-module>\n\t\t\t\t<script>\n\t\t\t\t\tsetREVStartSize({c: 'rev_slider_8_1',rl:[1240,1024,778,480],el:[480],gw:[1240],gh:[480],type:'standard',justify:'',layout:'fullwidth',mh:\"0\"});if (window.RS_MODULES!==undefined && window.RS_MODULES.modules!==undefined && window.RS_MODULES.modules[\"revslider81\"]!==undefined) {window.RS_MODULES.modules[\"revslider81\"].once = false;window.revapi8 = undefined;if (window.RS_MODULES.checkMinimal!==undefined) window.RS_MODULES.checkMinimal()}\n\t\t\t\t<\/script>\n\t\t\t<\/rs-module-wrap>\n\t\t\t<!-- END REVOLUTION SLIDER -->\n[\/vc_column][\/vc_row][vc_row full_width=\u00bbstretch_row_content\u00bb css=\u00bb.vc_custom_1724279616024{background-color: #aa0f16 !important;}\u00bb][vc_column][vc_column_text css=\u00bb\u00bb]<\/p>\n<h1 style=\"text-align: center\"><span style=\"font-size: 40px;color: #ffffff\">Inserci\u00f3n Laboral<\/span><\/h1>\n<p>[\/vc_column_text][\/vc_column][\/vc_row][vc_row full_width=\u00bbstretch_row_content\u00bb][vc_column]<div style=\"background-color:;height: 15px\" class=\"nicdark_section  \"><\/div>[\/vc_column][\/vc_row][vc_row][vc_column width=\u00bb1\/5&#8243;][vc_btn title=\u00bbMetodolog\u00eda\u00bb style=\u00bboutline-custom\u00bb outline_custom_color=\u00bb#1b878f\u00bb outline_custom_hover_background=\u00bb#1b878f\u00bb outline_custom_hover_text=\u00bb#ffffff\u00bb align=\u00bbcenter\u00bb css=\u00bb\u00bb link=\u00bburl:https%3A%2F%2Fwww.feyalegria.org%2Fvenezuela%2Fcapacitacion-metodologia%2F|target:_blank\u00bb][\/vc_column][vc_column width=\u00bb1\/5&#8243; alignment=\u00bbcenter\u00bb][vc_btn title=\u00bbRed de emprendedores\u00bb style=\u00bboutline-custom\u00bb outline_custom_color=\u00bb#c7662a\u00bb outline_custom_hover_background=\u00bb#c7662a\u00bb outline_custom_hover_text=\u00bb#ffffff\u00bb align=\u00bbcenter\u00bb css=\u00bb\u00bb link=\u00bburl:https%3A%2F%2Fwww.feyalegria.org%2Fvenezuela%2Fcapacitacion-red-de-emprendedores%2F|target:_blank\u00bb][\/vc_column][vc_column width=\u00bb1\/5&#8243; alignment=\u00bbcenter\u00bb][vc_btn title=\u00bbD\u00f3nde estamos\u00bb style=\u00bboutline-custom\u00bb outline_custom_color=\u00bb#a53580&#8243; outline_custom_hover_background=\u00bb#a53580&#8243; outline_custom_hover_text=\u00bb#ffffff\u00bb align=\u00bbcenter\u00bb css=\u00bb\u00bb link=\u00bburl:https%3A%2F%2Fwww.feyalegria.org%2Fvenezuela%2Fdonde-estamos-capacitacion%2F|target:_blank\u00bb][\/vc_column][vc_column width=\u00bb1\/5&#8243; alignment=\u00bbcenter\u00bb][vc_btn title=\u00bbEnConFyAnza\u00bb style=\u00bboutline-custom\u00bb outline_custom_color=\u00bb#d7ac14&#8243; outline_custom_hover_background=\u00bb#d7ac14&#8243; outline_custom_hover_text=\u00bb#ffffff\u00bb align=\u00bbcenter\u00bb css=\u00bb\u00bb link=\u00bburl:https%3A%2F%2Fwww.feyalegria.org%2Fvenezuela%2Fnoticias-enconfyanza%2F|target:_blank\u00bb][\/vc_column][vc_column width=\u00bb1\/5&#8243; alignment=\u00bbcenter\u00bb][vc_btn title=\u00bbP\u00e1gina principal\u00bb style=\u00bboutline-custom\u00bb outline_custom_color=\u00bb#6f8c2b\u00bb outline_custom_hover_background=\u00bb#6f8c2b\u00bb outline_custom_hover_text=\u00bb#ffffff\u00bb align=\u00bbcenter\u00bb css=\u00bb\u00bb link=\u00bburl:https%3A%2F%2Fwww.feyalegria.org%2Fvenezuela%2Fcapacitacion%2F|title:Volver%20a%20la%20p%C3%A1gina%20principal|target:_blank\u00bb][\/vc_column][\/vc_row][vc_row css=\u00bb.vc_custom_1727981390310{background-color: #FFFFFF !important;border-color: #FFFFFF !important;}\u00bb][vc_column alignment=\u00bbcenter\u00bb css=\u00bb.vc_custom_1721773712958{margin-right: -20px !important;}\u00bb][vc_separator color=\u00bbmulled_wine\u00bb style=\u00bbshadow\u00bb css=\u00bb\u00bb][vc_single_image image=\u00bb8604&#8243; img_size=\u00bbfull\u00bb alignment=\u00bbcenter\u00bb style=\u00bbvc_box_rounded\u00bb onclick=\u00bbcustom_link\u00bb css=\u00bb\u00bb link=\u00bbhttps:\/\/d3pugrm67vf9n7.cloudfront.net\/wp-content\/uploads\/sites\/4\/2024\/03\/01193805\/Insercion-Laboral.pdf\u00bb][vc_separator color=\u00bbmulled_wine\u00bb style=\u00bbshadow\u00bb css=\u00bb\u00bb][\/vc_column][\/vc_row][vc_row full_width=\u00bbstretch_row\u00bb first_background_type=\u00bbimage\u00bb first_background_image=\u00bb7535&#8243; first_background_color=\u00bbrgba(242,151,96,0.32)\u00bb first_background_size=\u00bbcover\u00bb css=\u00bb.vc_custom_1734051888738{margin-bottom: 0px !important;}\u00bb][vc_column css=\u00bb.vc_custom_1734051911323{margin-top: -35px !important;}\u00bb][vc_btn title=\u00bbDescargar en PDF\u00bb style=\u00bboutline-custom\u00bb outline_custom_color=\u00bb#AA0F16&#8243; outline_custom_hover_background=\u00bb#AA0F16&#8243; outline_custom_hover_text=\u00bb#ffffff\u00bb align=\u00bbcenter\u00bb css=\u00bb\u00bb link=\u00bburl:https%3A%2F%2Fd3pugrm67vf9n7.cloudfront.net%2Fwp-content%2Fuploads%2Fsites%2F4%2F2024%2F03%2F01193805%2FInsercion-Laboral.pdf|target:_blank\u00bb][vc_separator color=\u00bbmulled_wine\u00bb style=\u00bbshadow\u00bb css=\u00bb\u00bb][\/vc_column][\/vc_row][vc_row][vc_column]<div style=\"background-color:;height: 50px\" class=\"nicdark_section  \"><\/div>[vc_column_text]<\/p>\n<h3 style=\"text-align: center\">Hazte aliado de Fe y Alegr\u00eda<\/h3>\n<p>[\/vc_column_text][vc_row_inner][vc_column_inner width=\u00bb1\/12&#8243; alignment=\u00bbcenter\u00bb][\/vc_column_inner][vc_column_inner width=\u00bb1\/5&#8243; alignment=\u00bbcenter\u00bb][mvc_flip_box style=\u00bbvertical\u00bb border_st=\u00bbcustom_border\u00bb link_st=\u00bbcustom_link\u00bb info_opt=\u00bbshow_icon\u00bb size=\u00bb25&#8243; descrsize=\u00bb\u00bb front_bg=\u00bb#ffffff\u00bb border_clr=\u00bb#aa0f16&#8243; url=\u00bburl:https%3A%2F%2Fwww.feyalegria.org%2Fvenezuela%2Fdonar-en-venezuela%2F\u00bb url_txt=\u00bbAqu\u00ed\u00bb url_clr=\u00bb#aa0f16&#8243; url_bg=\u00bb#e4e4e4&#8243; font_icon=\u00bbfas fa-heart\u00bb icon_size=\u00bb60&#8243; icon_color=\u00bb#aa0f16&#8243; title=\u00bbDonar\u00bb color=\u00bb#aa0f16&#8243; bgcolor=\u00bb#aa0f16&#8243; border_width=\u00bb3&#8243;]<\/p>\n<h2 style=\"text-align: center\"><span style=\"color: #ffffff;font-size: 18px\">Tu aporte a la educaci\u00f3n<\/span><\/h2>\n<p>[\/mvc_flip_box][\/vc_column_inner][vc_column_inner width=\u00bb1\/12&#8243; alignment=\u00bbcenter\u00bb][\/vc_column_inner][vc_column_inner width=\u00bb1\/5&#8243;][mvc_flip_box style=\u00bbvertical\u00bb border_st=\u00bbcustom_border\u00bb link_st=\u00bbcustom_link\u00bb info_opt=\u00bbshow_icon\u00bb size=\u00bb25&#8243; descrsize=\u00bb\u00bb front_bg=\u00bb#ffffff\u00bb border_clr=\u00bb#aa0f16&#8243; url=\u00bburl:https%3A%2F%2Fwww.feyalegria.org%2Fvenezuela%2Fvoluntariado%2F\u00bb url_txt=\u00bbAqu\u00ed\u00bb url_clr=\u00bb#aa0f16&#8243; url_bg=\u00bb#e4e4e4&#8243; font_icon=\u00bbfas fa-sign-language\u00bb icon_size=\u00bb60&#8243; icon_color=\u00bb#aa0f16&#8243; title=\u00bbSer voluntario\u00bb color=\u00bb#aa0f16&#8243; bgcolor=\u00bb#aa0f16&#8243; border_width=\u00bb3&#8243;]<\/p>\n<h2 style=\"text-align: center\"><span style=\"color: #ffffff;font-size: 18px\">\u00danete por\u00a0 la educaci\u00f3n<\/span><\/h2>\n<p>[\/mvc_flip_box][\/vc_column_inner][vc_column_inner width=\u00bb1\/12&#8243;][\/vc_column_inner][vc_column_inner width=\u00bb1\/5&#8243;][mvc_flip_box style=\u00bbvertical\u00bb border_st=\u00bbcustom_border\u00bb link_st=\u00bbcustom_link\u00bb info_opt=\u00bbshow_icon\u00bb size=\u00bb25&#8243; descrsize=\u00bb\u00bb front_bg=\u00bb#ffffff\u00bb border_clr=\u00bb#aa0f16&#8243; url=\u00bburl:https%3A%2F%2Fwww.feyalegria.org%2Fvenezuela%2Fempresas-aliadas%2F\u00bb url_txt=\u00bbAqu\u00ed\u00bb url_clr=\u00bb#aa0f16&#8243; url_bg=\u00bb#e4e4e4&#8243; font_icon=\u00bbfas fa-american-sign-language-interpreting\u00bb icon_size=\u00bb60&#8243; icon_color=\u00bb#aa0f16&#8243; title=\u00bbEmpresas aliadas\u00bb color=\u00bb#aa0f16&#8243; bgcolor=\u00bb#aa0f16&#8243; border_width=\u00bb3&#8243;]<\/p>\n<h2 style=\"text-align: center\"><span style=\"color: #ffffff;font-size: 18px\">Hazte aliado por la educaci\u00f3n<\/span><\/h2>\n<p>[\/mvc_flip_box][\/vc_column_inner][vc_column_inner width=\u00bb1\/12&#8243;][\/vc_column_inner][\/vc_row_inner][\/vc_column][\/vc_row][vc_row][vc_column]<div style=\"background-color:;height: 50px\" class=\"nicdark_section  \"><\/div>[\/vc_column][\/vc_row]<\/p>\n<\/div>","protected":false},"excerpt":{"rendered":"<p>[vc_row][vc_column][\/vc_column][\/vc_row][vc_row full_width=\u00bbstretch_row_content\u00bb css=\u00bb.vc_custom_1724279616024{background-color: #aa0f16 !important;}\u00bb][vc_column][vc_column_text css=\u00bb\u00bb] Inserci\u00f3n Laboral [\/vc_column_text][\/vc_column][\/vc_row][vc_row full_width=\u00bbstretch_row_content\u00bb][vc_column][\/vc_column][\/vc_row][vc_row][vc_column width=\u00bb1\/5&#8243;][vc_btn title=\u00bbMetodolog\u00eda\u00bb style=\u00bboutline-custom\u00bb outline_custom_color=\u00bb#1b878f\u00bb outline_custom_hover_background=\u00bb#1b878f\u00bb outline_custom_hover_text=\u00bb#ffffff\u00bb align=\u00bbcenter\u00bb css=\u00bb\u00bb link=\u00bburl:https%3A%2F%2Fwww.feyalegria.org%2Fvenezuela%2Fcapacitacion-metodologia%2F|target:_blank\u00bb][\/vc_column][vc_column width=\u00bb1\/5&#8243; alignment=\u00bbcenter\u00bb][vc_btn title=\u00bbRed de emprendedores\u00bb style=\u00bboutline-custom\u00bb outline_custom_color=\u00bb#c7662a\u00bb outline_custom_hover_background=\u00bb#c7662a\u00bb outline_custom_hover_text=\u00bb#ffffff\u00bb align=\u00bbcenter\u00bb css=\u00bb\u00bb link=\u00bburl:https%3A%2F%2Fwww.feyalegria.org%2Fvenezuela%2Fcapacitacion-red-de-emprendedores%2F|target:_blank\u00bb][\/vc_column][vc_column width=\u00bb1\/5&#8243; alignment=\u00bbcenter\u00bb][vc_btn title=\u00bbD\u00f3nde estamos\u00bb style=\u00bboutline-custom\u00bb outline_custom_color=\u00bb#a53580&#8243; outline_custom_hover_background=\u00bb#a53580&#8243; outline_custom_hover_text=\u00bb#ffffff\u00bb align=\u00bbcenter\u00bb css=\u00bb\u00bb link=\u00bburl:https%3A%2F%2Fwww.feyalegria.org%2Fvenezuela%2Fdonde-estamos-capacitacion%2F|target:_blank\u00bb][\/vc_column][vc_column width=\u00bb1\/5&#8243; alignment=\u00bbcenter\u00bb][vc_btn title=\u00bbEnConFyAnza\u00bb style=\u00bboutline-custom\u00bb outline_custom_color=\u00bb#d7ac14&#8243; outline_custom_hover_background=\u00bb#d7ac14&#8243; outline_custom_hover_text=\u00bb#ffffff\u00bb align=\u00bbcenter\u00bb css=\u00bb\u00bb link=\u00bburl:https%3A%2F%2Fwww.feyalegria.org%2Fvenezuela%2Fnoticias-enconfyanza%2F|target:_blank\u00bb][\/vc_column][vc_column width=\u00bb1\/5&#8243; alignment=\u00bbcenter\u00bb][vc_btn title=\u00bbP\u00e1gina<\/p>\n","protected":false},"author":47,"featured_media":0,"parent":0,"menu_order":0,"comment_status":"closed","ping_status":"closed","template":"","meta":{"_acf_changed":false,"footnotes":""},"folder":[],"class_list":["post-8600","page","type-page","status-publish","hentry"],"acf":[],"yoast_head":"<!-- This site is optimized with the Yoast SEO plugin v27.2 - https:\/\/yoast.com\/product\/yoast-seo-wordpress\/ -->\n<title>Capacitaci\u00f3n inserci\u00f3n laboral - Fe y Alegr\u00eda en Venezuela<\/title>\n<meta name=\"robots\" content=\"index, follow, max-snippet:-1, max-image-preview:large, max-video-preview:-1\" \/>\n<link rel=\"canonical\" href=\"https:\/\/www.feyalegria.org\/venezuela\/capacitacion-insercion-laboral\/\" \/>\n<meta property=\"og:locale\" content=\"es_ES\" \/>\n<meta property=\"og:type\" content=\"article\" \/>\n<meta property=\"og:title\" content=\"Capacitaci\u00f3n inserci\u00f3n laboral - Fe y Alegr\u00eda en Venezuela\" \/>\n<meta property=\"og:description\" content=\"[vc_row][vc_column][\/vc_column][\/vc_row][vc_row full_width=\u00bbstretch_row_content\u00bb css=\u00bb.vc_custom_1724279616024{background-color: #aa0f16 !important;}\u00bb][vc_column][vc_column_text css=\u00bb\u00bb] Inserci\u00f3n Laboral [\/vc_column_text][\/vc_column][\/vc_row][vc_row full_width=\u00bbstretch_row_content\u00bb][vc_column][\/vc_column][\/vc_row][vc_row][vc_column width=\u00bb1\/5&#8243;][vc_btn title=\u00bbMetodolog\u00eda\u00bb style=\u00bboutline-custom\u00bb outline_custom_color=\u00bb#1b878f\u00bb outline_custom_hover_background=\u00bb#1b878f\u00bb outline_custom_hover_text=\u00bb#ffffff\u00bb align=\u00bbcenter\u00bb css=\u00bb\u00bb link=\u00bburl:https%3A%2F%2Fwww.feyalegria.org%2Fvenezuela%2Fcapacitacion-metodologia%2F|target:_blank\u00bb][\/vc_column][vc_column width=\u00bb1\/5&#8243; alignment=\u00bbcenter\u00bb][vc_btn title=\u00bbRed de emprendedores\u00bb style=\u00bboutline-custom\u00bb outline_custom_color=\u00bb#c7662a\u00bb outline_custom_hover_background=\u00bb#c7662a\u00bb outline_custom_hover_text=\u00bb#ffffff\u00bb align=\u00bbcenter\u00bb css=\u00bb\u00bb link=\u00bburl:https%3A%2F%2Fwww.feyalegria.org%2Fvenezuela%2Fcapacitacion-red-de-emprendedores%2F|target:_blank\u00bb][\/vc_column][vc_column width=\u00bb1\/5&#8243; alignment=\u00bbcenter\u00bb][vc_btn title=\u00bbD\u00f3nde estamos\u00bb style=\u00bboutline-custom\u00bb outline_custom_color=\u00bb#a53580&#8243; outline_custom_hover_background=\u00bb#a53580&#8243; outline_custom_hover_text=\u00bb#ffffff\u00bb align=\u00bbcenter\u00bb css=\u00bb\u00bb link=\u00bburl:https%3A%2F%2Fwww.feyalegria.org%2Fvenezuela%2Fdonde-estamos-capacitacion%2F|target:_blank\u00bb][\/vc_column][vc_column width=\u00bb1\/5&#8243; alignment=\u00bbcenter\u00bb][vc_btn title=\u00bbEnConFyAnza\u00bb style=\u00bboutline-custom\u00bb outline_custom_color=\u00bb#d7ac14&#8243; outline_custom_hover_background=\u00bb#d7ac14&#8243; outline_custom_hover_text=\u00bb#ffffff\u00bb align=\u00bbcenter\u00bb css=\u00bb\u00bb link=\u00bburl:https%3A%2F%2Fwww.feyalegria.org%2Fvenezuela%2Fnoticias-enconfyanza%2F|target:_blank\u00bb][\/vc_column][vc_column width=\u00bb1\/5&#8243; alignment=\u00bbcenter\u00bb][vc_btn title=\u00bbP\u00e1gina\" \/>\n<meta property=\"og:url\" content=\"https:\/\/www.feyalegria.org\/venezuela\/capacitacion-insercion-laboral\/\" \/>\n<meta property=\"og:site_name\" content=\"Fe y Alegr\u00eda en Venezuela\" \/>\n<meta property=\"article:modified_time\" content=\"2025-05-19T19:41:48+00:00\" \/>\n<meta name=\"twitter:card\" content=\"summary_large_image\" \/>\n<meta name=\"twitter:label1\" content=\"Tiempo de lectura\" \/>\n\t<meta name=\"twitter:data1\" content=\"1 minuto\" \/>\n<script type=\"application\/ld+json\" class=\"yoast-schema-graph\">{\"@context\":\"https:\/\/schema.org\",\"@graph\":[{\"@type\":\"WebPage\",\"@id\":\"https:\/\/www.feyalegria.org\/venezuela\/capacitacion-insercion-laboral\/\",\"url\":\"https:\/\/www.feyalegria.org\/venezuela\/capacitacion-insercion-laboral\/\",\"name\":\"Capacitaci\u00f3n inserci\u00f3n laboral - Fe y Alegr\u00eda en Venezuela\",\"isPartOf\":{\"@id\":\"https:\/\/www.feyalegria.org\/venezuela\/#website\"},\"datePublished\":\"2024-12-19T00:44:49+00:00\",\"dateModified\":\"2025-05-19T19:41:48+00:00\",\"inLanguage\":\"es\",\"potentialAction\":[{\"@type\":\"ReadAction\",\"target\":[\"https:\/\/www.feyalegria.org\/venezuela\/capacitacion-insercion-laboral\/\"]}]},{\"@type\":\"WebSite\",\"@id\":\"https:\/\/www.feyalegria.org\/venezuela\/#website\",\"url\":\"https:\/\/www.feyalegria.org\/venezuela\/\",\"name\":\"Fe y Alegr\u00eda en Venezuela\",\"description\":\"\",\"potentialAction\":[{\"@type\":\"SearchAction\",\"target\":{\"@type\":\"EntryPoint\",\"urlTemplate\":\"https:\/\/www.feyalegria.org\/venezuela\/?s={search_term_string}\"},\"query-input\":{\"@type\":\"PropertyValueSpecification\",\"valueRequired\":true,\"valueName\":\"search_term_string\"}}],\"inLanguage\":\"es\"}]}<\/script>\n<!-- \/ Yoast SEO plugin. -->","yoast_head_json":{"title":"Capacitaci\u00f3n inserci\u00f3n laboral - Fe y Alegr\u00eda en Venezuela","robots":{"index":"index","follow":"follow","max-snippet":"max-snippet:-1","max-image-preview":"max-image-preview:large","max-video-preview":"max-video-preview:-1"},"canonical":"https:\/\/www.feyalegria.org\/venezuela\/capacitacion-insercion-laboral\/","og_locale":"es_ES","og_type":"article","og_title":"Capacitaci\u00f3n inserci\u00f3n laboral - Fe y Alegr\u00eda en Venezuela","og_description":"[vc_row][vc_column][\/vc_column][\/vc_row][vc_row full_width=\u00bbstretch_row_content\u00bb css=\u00bb.vc_custom_1724279616024{background-color: #aa0f16 !important;}\u00bb][vc_column][vc_column_text css=\u00bb\u00bb] Inserci\u00f3n Laboral [\/vc_column_text][\/vc_column][\/vc_row][vc_row full_width=\u00bbstretch_row_content\u00bb][vc_column][\/vc_column][\/vc_row][vc_row][vc_column width=\u00bb1\/5&#8243;][vc_btn title=\u00bbMetodolog\u00eda\u00bb style=\u00bboutline-custom\u00bb outline_custom_color=\u00bb#1b878f\u00bb outline_custom_hover_background=\u00bb#1b878f\u00bb outline_custom_hover_text=\u00bb#ffffff\u00bb align=\u00bbcenter\u00bb css=\u00bb\u00bb link=\u00bburl:https%3A%2F%2Fwww.feyalegria.org%2Fvenezuela%2Fcapacitacion-metodologia%2F|target:_blank\u00bb][\/vc_column][vc_column width=\u00bb1\/5&#8243; alignment=\u00bbcenter\u00bb][vc_btn title=\u00bbRed de emprendedores\u00bb style=\u00bboutline-custom\u00bb outline_custom_color=\u00bb#c7662a\u00bb outline_custom_hover_background=\u00bb#c7662a\u00bb outline_custom_hover_text=\u00bb#ffffff\u00bb align=\u00bbcenter\u00bb css=\u00bb\u00bb link=\u00bburl:https%3A%2F%2Fwww.feyalegria.org%2Fvenezuela%2Fcapacitacion-red-de-emprendedores%2F|target:_blank\u00bb][\/vc_column][vc_column width=\u00bb1\/5&#8243; alignment=\u00bbcenter\u00bb][vc_btn title=\u00bbD\u00f3nde estamos\u00bb style=\u00bboutline-custom\u00bb outline_custom_color=\u00bb#a53580&#8243; outline_custom_hover_background=\u00bb#a53580&#8243; outline_custom_hover_text=\u00bb#ffffff\u00bb align=\u00bbcenter\u00bb css=\u00bb\u00bb link=\u00bburl:https%3A%2F%2Fwww.feyalegria.org%2Fvenezuela%2Fdonde-estamos-capacitacion%2F|target:_blank\u00bb][\/vc_column][vc_column width=\u00bb1\/5&#8243; alignment=\u00bbcenter\u00bb][vc_btn title=\u00bbEnConFyAnza\u00bb style=\u00bboutline-custom\u00bb outline_custom_color=\u00bb#d7ac14&#8243; outline_custom_hover_background=\u00bb#d7ac14&#8243; outline_custom_hover_text=\u00bb#ffffff\u00bb align=\u00bbcenter\u00bb css=\u00bb\u00bb link=\u00bburl:https%3A%2F%2Fwww.feyalegria.org%2Fvenezuela%2Fnoticias-enconfyanza%2F|target:_blank\u00bb][\/vc_column][vc_column width=\u00bb1\/5&#8243; alignment=\u00bbcenter\u00bb][vc_btn title=\u00bbP\u00e1gina","og_url":"https:\/\/www.feyalegria.org\/venezuela\/capacitacion-insercion-laboral\/","og_site_name":"Fe y Alegr\u00eda en Venezuela","article_modified_time":"2025-05-19T19:41:48+00:00","twitter_card":"summary_large_image","twitter_misc":{"Tiempo de lectura":"1 minuto"},"schema":{"@context":"https:\/\/schema.org","@graph":[{"@type":"WebPage","@id":"https:\/\/www.feyalegria.org\/venezuela\/capacitacion-insercion-laboral\/","url":"https:\/\/www.feyalegria.org\/venezuela\/capacitacion-insercion-laboral\/","name":"Capacitaci\u00f3n inserci\u00f3n laboral - Fe y Alegr\u00eda en Venezuela","isPartOf":{"@id":"https:\/\/www.feyalegria.org\/venezuela\/#website"},"datePublished":"2024-12-19T00:44:49+00:00","dateModified":"2025-05-19T19:41:48+00:00","inLanguage":"es","potentialAction":[{"@type":"ReadAction","target":["https:\/\/www.feyalegria.org\/venezuela\/capacitacion-insercion-laboral\/"]}]},{"@type":"WebSite","@id":"https:\/\/www.feyalegria.org\/venezuela\/#website","url":"https:\/\/www.feyalegria.org\/venezuela\/","name":"Fe y Alegr\u00eda en Venezuela","description":"","potentialAction":[{"@type":"SearchAction","target":{"@type":"EntryPoint","urlTemplate":"https:\/\/www.feyalegria.org\/venezuela\/?s={search_term_string}"},"query-input":{"@type":"PropertyValueSpecification","valueRequired":true,"valueName":"search_term_string"}}],"inLanguage":"es"}]}},"_links":{"self":[{"href":"https:\/\/www.feyalegria.org\/venezuela\/wp-json\/wp\/v2\/pages\/8600","targetHints":{"allow":["GET"]}}],"collection":[{"href":"https:\/\/www.feyalegria.org\/venezuela\/wp-json\/wp\/v2\/pages"}],"about":[{"href":"https:\/\/www.feyalegria.org\/venezuela\/wp-json\/wp\/v2\/types\/page"}],"author":[{"embeddable":true,"href":"https:\/\/www.feyalegria.org\/venezuela\/wp-json\/wp\/v2\/users\/47"}],"replies":[{"embeddable":true,"href":"https:\/\/www.feyalegria.org\/venezuela\/wp-json\/wp\/v2\/comments?post=8600"}],"version-history":[{"count":0,"href":"https:\/\/www.feyalegria.org\/venezuela\/wp-json\/wp\/v2\/pages\/8600\/revisions"}],"wp:attachment":[{"href":"https:\/\/www.feyalegria.org\/venezuela\/wp-json\/wp\/v2\/media?parent=8600"}],"wp:term":[{"taxonomy":"folder","embeddable":true,"href":"https:\/\/www.feyalegria.org\/venezuela\/wp-json\/wp\/v2\/folder?post=8600"}],"curies":[{"name":"wp","href":"https:\/\/api.w.org\/{rel}","templated":true}]}}